{"id":501,"date":"2025-09-28T18:05:43","date_gmt":"2025-09-28T16:05:43","guid":{"rendered":"http:\/\/localhost\/wordpress\/?page_id=501"},"modified":"2026-04-03T23:29:48","modified_gmt":"2026-04-03T21:29:48","slug":"kinder-malaktion-der-grundschule","status":"publish","type":"page","link":"https:\/\/heimatverein-freckenhorst.de\/1175\/programmpunkte\/kinder-malaktion-der-grundschule\/","title":{"rendered":"Kinder-Malaktion der Grundschule"},"content":{"rendered":"<div data-colibri-id=\"501-c1\" class=\"style-602 style-local-501-c1 position-relative\">\n  <!---->\n  <div data-colibri-component=\"section\" data-colibri-id=\"501-c2\" id=\"initial-content\" class=\"h-section h-section-global-spacing d-flex align-items-lg-center align-items-md-center align-items-center style-603 style-local-501-c2 position-relative\">\n    <!---->\n    <!---->\n    <div class=\"h-section-grid-container h-section-boxed-container\">\n      <!---->\n      <div data-colibri-id=\"501-c3\" class=\"h-row-container gutters-row-lg-2 gutters-row-md-2 gutters-row-0 gutters-row-v-lg-2 gutters-row-v-md-2 gutters-row-v-2 style-604 style-local-501-c3 position-relative\">\n        <!---->\n        <div class=\"h-row justify-content-lg-center justify-content-md-center justify-content-center align-items-lg-stretch align-items-md-stretch align-items-stretch gutters-col-lg-2 gutters-col-md-2 gutters-col-0 gutters-col-v-lg-2 gutters-col-v-md-2 gutters-col-v-2\">\n          <!---->\n          <div class=\"h-column h-column-container d-flex h-col-lg-6 h-col-md-6 h-col-12 style-605-outer style-local-501-c4-outer\">\n            <div data-colibri-id=\"501-c4\" class=\"d-flex h-flex-basis h-column__inner h-px-lg-2 h-px-md-2 h-px-2 v-inner-lg-2 v-inner-md-2 v-inner-2 style-605 style-local-501-c4 position-relative\">\n              <!---->\n              <!---->\n              <div class=\"w-100 h-y-container h-column__content h-column__v-align flex-basis-100 align-self-lg-start align-self-md-start align-self-start\">\n                <!---->\n                <div data-colibri-id=\"501-c5\" class=\"h-text h-text-component style-624 style-local-501-c5 position-relative h-element\">\n                  <!---->\n                  <!---->\n                  <div class=\"\">\n                    <p><span style=\"font-family: Muli;\">Im Herbst 2025 wurden die Kinder der 12 Klassen der Everword-Grundschule in Freckenhorst gefragt, ob sie Bilder f\u00fcr das Fest malen k\u00f6nnten. Als Motto wurde \u201eWie sehe ich Freckenhorst \u2013 meine Heimat\u201c ausgegeben. Aus den hierbei entstandenen 300 ideenreichen Bildern wurden von einer Jury 24 ausgew\u00e4hlt, die auf Fahnen gedruckt wurden. Diese Fahnen werden zu Kr\u00fc\u00dfing an den Ortseing\u00e4ngen und am Festplatz aufgeh\u00e4ngt. 12 klassenbezogene Collagen aller Bilder sind gleichzeitig an den S\u00e4ulen der Stiftskirche zu besichtigen.&nbsp;<\/span><\/p>\n                    <p><span style=\"font-family: Muli;\">Wir bedanken uns ganz herzlich bei den Kindern. Ein pers\u00f6nlicher Dank erfolgt beim Fr\u00fchlingsfest der Grundschule am 27. M\u00e4rz.<\/span><\/p>\n                  <\/div>\n                <\/div>\n              <\/div>\n            <\/div>\n          <\/div>\n        <\/div>\n      <\/div>\n      <div data-colibri-id=\"501-c6\" class=\"h-row-container gutters-row-lg-2 gutters-row-md-2 gutters-row-0 gutters-row-v-lg-2 gutters-row-v-md-2 gutters-row-v-2 style-607 style-local-501-c6 position-relative\">\n        <!---->\n        <div class=\"h-row justify-content-lg-center justify-content-md-center justify-content-center align-items-lg-stretch align-items-md-stretch align-items-stretch gutters-col-lg-2 gutters-col-md-2 gutters-col-0 gutters-col-v-lg-2 gutters-col-v-md-2 gutters-col-v-2\">\n          <!---->\n          <div class=\"h-column h-column-container d-flex h-col-lg-6 h-col-md-6 h-col-12 style-608-outer style-local-501-c7-outer\">\n            <div data-colibri-id=\"501-c7\" class=\"d-flex h-flex-basis h-column__inner h-px-lg-2 h-px-md-2 h-px-2 v-inner-lg-2 v-inner-md-2 v-inner-2 style-608 style-local-501-c7 position-relative\">\n              <!---->\n              <!---->\n              <div class=\"w-100 h-y-container h-column__content h-column__v-align flex-basis-100 align-self-lg-start align-self-md-start align-self-start\">\n                <!---->\n                <div data-colibri-id=\"501-c8\" class=\"d-block style-615 style-local-501-c8 position-relative h-element\">\n                  <!---->\n                  <div class=\"h-image__frame-container-outer\">\n                    <div class=\"h-image__frame-container\">\n                      <!---->\n                      <!---->\n                      <img loading=\"lazy\" decoding=\"async\" width=\"1070\" height=\"1427\" src=\"https:\/\/heimatverein-freckenhorst.de\/1175\/wp-content\/uploads\/2025\/09\/MA-Bild4.jpg\" class=\"wp-image-510 style-615-image style-local-501-c8-image\" alt=\"\" \/>\n                      <div class=\"h-image__frame h-hide-lg h-hide-md h-hide-sm style-615-frameImage style-local-501-c8-frameImage\"><\/div>\n                    <\/div>\n                  <\/div>\n                <\/div>\n              <\/div>\n            <\/div>\n          <\/div>\n          <div class=\"h-column h-column-container d-flex h-col-lg-6 h-col-md-6 h-col-12 style-609-outer style-local-501-c9-outer\">\n            <div data-colibri-id=\"501-c9\" class=\"d-flex h-flex-basis h-column__inner h-px-lg-2 h-px-md-2 h-px-2 v-inner-lg-2 v-inner-md-2 v-inner-2 style-609 style-local-501-c9 position-relative\">\n              <!---->\n              <!---->\n              <div class=\"w-100 h-y-container h-column__content h-column__v-align flex-basis-100 align-self-lg-start align-self-md-start align-self-start\">\n                <!---->\n                <div data-colibri-id=\"501-c10\" class=\"d-block style-616 style-local-501-c10 position-relative h-element\">\n                  <!---->\n                  <div class=\"h-image__frame-container-outer\">\n                    <div class=\"h-image__frame-container\">\n                      <!---->\n                      <!---->\n                      <img loading=\"lazy\" decoding=\"async\" width=\"1279\" height=\"1705\" src=\"https:\/\/heimatverein-freckenhorst.de\/1175\/wp-content\/uploads\/2025\/09\/MA-Bild7.jpg\" class=\"wp-image-509 style-616-image style-local-501-c10-image\" alt=\"\" \/>\n                      <div class=\"h-image__frame h-hide-lg h-hide-md h-hide-sm style-616-frameImage style-local-501-c10-frameImage\"><\/div>\n                    <\/div>\n                  <\/div>\n                <\/div>\n              <\/div>\n            <\/div>\n          <\/div>\n          <div class=\"h-column h-column-container d-flex h-col-lg-6 h-col-md-6 h-col-12 style-610-outer style-local-501-c11-outer\">\n            <div data-colibri-id=\"501-c11\" class=\"d-flex h-flex-basis h-column__inner h-px-lg-2 h-px-md-2 h-px-2 v-inner-lg-2 v-inner-md-2 v-inner-2 style-610 style-local-501-c11 position-relative\">\n              <!---->\n              <!---->\n              <div class=\"w-100 h-y-container h-column__content h-column__v-align flex-basis-100 align-self-lg-start align-self-md-start align-self-start\">\n                <!---->\n                <div data-colibri-id=\"501-c12\" class=\"d-block style-617 style-local-501-c12 position-relative h-element\">\n                  <!---->\n                  <div class=\"h-image__frame-container-outer\">\n                    <div class=\"h-image__frame-container\">\n                      <!---->\n                      <!---->\n                      <img loading=\"lazy\" decoding=\"async\" width=\"1278\" height=\"1705\" src=\"https:\/\/heimatverein-freckenhorst.de\/1175\/wp-content\/uploads\/2025\/09\/MA-Bild5.jpg\" class=\"wp-image-507 style-617-image style-local-501-c12-image\" alt=\"\" \/>\n                      <div class=\"h-image__frame h-hide-lg h-hide-md h-hide-sm style-617-frameImage style-local-501-c12-frameImage\"><\/div>\n                    <\/div>\n                  <\/div>\n                <\/div>\n              <\/div>\n            <\/div>\n          <\/div>\n        <\/div>\n      <\/div>\n      <div data-colibri-id=\"501-c13\" class=\"h-row-container gutters-row-lg-2 gutters-row-md-2 gutters-row-0 gutters-row-v-lg-2 gutters-row-v-md-2 gutters-row-v-2 style-611 style-local-501-c13 position-relative\">\n        <!---->\n        <div class=\"h-row justify-content-lg-center justify-content-md-center justify-content-center align-items-lg-stretch align-items-md-stretch align-items-stretch gutters-col-lg-2 gutters-col-md-2 gutters-col-0 gutters-col-v-lg-2 gutters-col-v-md-2 gutters-col-v-2\">\n          <!---->\n          <div class=\"h-column h-column-container d-flex h-col-lg-6 h-col-md-6 h-col-12 style-612-outer style-local-501-c14-outer\">\n            <div data-colibri-id=\"501-c14\" class=\"d-flex h-flex-basis h-column__inner h-px-lg-2 h-px-md-2 h-px-2 v-inner-lg-2 v-inner-md-2 v-inner-2 style-612 style-local-501-c14 position-relative\">\n              <!---->\n              <!---->\n              <div class=\"w-100 h-y-container h-column__content h-column__v-align flex-basis-100 align-self-lg-start align-self-md-start align-self-start\">\n                <!---->\n                <div data-colibri-id=\"501-c15\" class=\"d-block style-618 style-local-501-c15 position-relative h-element\">\n                  <!---->\n                  <div class=\"h-image__frame-container-outer\">\n                    <div class=\"h-image__frame-container\">\n                      <!---->\n                      <!---->\n                      <img loading=\"lazy\" decoding=\"async\" width=\"1070\" height=\"1427\" src=\"https:\/\/heimatverein-freckenhorst.de\/1175\/wp-content\/uploads\/2025\/09\/MA-Bild3.jpg\" class=\"wp-image-506 style-618-image style-local-501-c15-image\" alt=\"\" \/>\n                      <div class=\"h-image__frame h-hide-lg h-hide-md h-hide-sm style-618-frameImage style-local-501-c15-frameImage\"><\/div>\n                    <\/div>\n                  <\/div>\n                <\/div>\n              <\/div>\n            <\/div>\n          <\/div>\n          <div class=\"h-column h-column-container d-flex h-col-lg-6 h-col-md-6 h-col-12 style-613-outer style-local-501-c16-outer\">\n            <div data-colibri-id=\"501-c16\" class=\"d-flex h-flex-basis h-column__inner h-px-lg-2 h-px-md-2 h-px-2 v-inner-lg-2 v-inner-md-2 v-inner-2 style-613 style-local-501-c16 position-relative\">\n              <!---->\n              <!---->\n              <div class=\"w-100 h-y-container h-column__content h-column__v-align flex-basis-100 align-self-lg-start align-self-md-start align-self-start\">\n                <!---->\n                <div data-colibri-id=\"501-c17\" class=\"d-block style-619 style-local-501-c17 position-relative h-element\">\n                  <!---->\n                  <div class=\"h-image__frame-container-outer\">\n                    <div class=\"h-image__frame-container\">\n                      <!---->\n                      <!---->\n                      <img loading=\"lazy\" decoding=\"async\" width=\"1070\" height=\"1427\" src=\"https:\/\/heimatverein-freckenhorst.de\/1175\/wp-content\/uploads\/2025\/09\/MA-Bild2.jpg\" class=\"wp-image-505 style-619-image style-local-501-c17-image\" alt=\"\" \/>\n                      <div class=\"h-image__frame h-hide-lg h-hide-md h-hide-sm style-619-frameImage style-local-501-c17-frameImage\"><\/div>\n                    <\/div>\n                  <\/div>\n                <\/div>\n              <\/div>\n            <\/div>\n          <\/div>\n          <div class=\"h-column h-column-container d-flex h-col-lg-6 h-col-md-6 h-col-12 style-614-outer style-local-501-c18-outer\">\n            <div data-colibri-id=\"501-c18\" class=\"d-flex h-flex-basis h-column__inner h-px-lg-2 h-px-md-2 h-px-2 v-inner-lg-2 v-inner-md-2 v-inner-2 style-614 style-local-501-c18 position-relative\">\n              <!---->\n              <!---->\n              <div class=\"w-100 h-y-container h-column__content h-column__v-align flex-basis-100 align-self-lg-start align-self-md-start align-self-start\">\n                <!---->\n                <div data-colibri-id=\"501-c19\" class=\"d-block style-620 style-local-501-c19 position-relative h-element\">\n                  <!---->\n                  <div class=\"h-image__frame-container-outer\">\n                    <div class=\"h-image__frame-container\">\n                      <!---->\n                      <!---->\n                      <img loading=\"lazy\" decoding=\"async\" width=\"1070\" height=\"1427\" src=\"https:\/\/heimatverein-freckenhorst.de\/1175\/wp-content\/uploads\/2025\/09\/MA-Bild1.jpg\" class=\"wp-image-504 style-620-image style-local-501-c19-image\" alt=\"\" \/>\n                      <div class=\"h-image__frame h-hide-lg h-hide-md h-hide-sm style-620-frameImage style-local-501-c19-frameImage\"><\/div>\n                    <\/div>\n                  <\/div>\n                <\/div>\n              <\/div>\n            <\/div>\n          <\/div>\n        <\/div>\n      <\/div>\n    <\/div>\n  <\/div>\n<\/div>","protected":false},"excerpt":{"rendered":"<p>Im Herbst 2025 wurden die Kinder der 12 Klassen der Everword-Grundschule in Freckenhorst [&hellip;]<\/p>\n","protected":false},"author":1,"featured_media":0,"parent":239,"menu_order":9,"comment_status":"closed","ping_status":"closed","template":"page-templates\/full-width-page.php","meta":{"footnotes":""},"class_list":["post-501","page","type-page","status-publish","hentry"],"_links":{"self":[{"href":"https:\/\/heimatverein-freckenhorst.de\/1175\/wp-json\/wp\/v2\/pages\/501","targetHints":{"allow":["GET"]}}],"collection":[{"href":"https:\/\/heimatverein-freckenhorst.de\/1175\/wp-json\/wp\/v2\/pages"}],"about":[{"href":"https:\/\/heimatverein-freckenhorst.de\/1175\/wp-json\/wp\/v2\/types\/page"}],"author":[{"embeddable":true,"href":"https:\/\/heimatverein-freckenhorst.de\/1175\/wp-json\/wp\/v2\/users\/1"}],"replies":[{"embeddable":true,"href":"https:\/\/heimatverein-freckenhorst.de\/1175\/wp-json\/wp\/v2\/comments?post=501"}],"version-history":[{"count":8,"href":"https:\/\/heimatverein-freckenhorst.de\/1175\/wp-json\/wp\/v2\/pages\/501\/revisions"}],"predecessor-version":[{"id":2912,"href":"https:\/\/heimatverein-freckenhorst.de\/1175\/wp-json\/wp\/v2\/pages\/501\/revisions\/2912"}],"up":[{"embeddable":true,"href":"https:\/\/heimatverein-freckenhorst.de\/1175\/wp-json\/wp\/v2\/pages\/239"}],"wp:attachment":[{"href":"https:\/\/heimatverein-freckenhorst.de\/1175\/wp-json\/wp\/v2\/media?parent=501"}],"curies":[{"name":"wp","href":"https:\/\/api.w.org\/{rel}","templated":true}]}}