{"id":347,"date":"2025-09-28T15:54:22","date_gmt":"2025-09-28T13:54:22","guid":{"rendered":"http:\/\/localhost\/wordpress\/?page_id=347"},"modified":"2026-03-25T22:02:02","modified_gmt":"2026-03-25T21:02:02","slug":"aktionen-des-heimatvereines","status":"publish","type":"page","link":"https:\/\/heimatverein-freckenhorst.de\/1175\/programmpunkte\/aktionen-des-heimatvereines\/","title":{"rendered":"Aktionen des Heimatvereines"},"content":{"rendered":"<div data-colibri-id=\"347-c1\" class=\"style-555 style-local-347-c1 position-relative\">\n  <!---->\n  <div data-colibri-component=\"section\" data-colibri-id=\"347-c23\" id=\"blank\" class=\"h-section h-section-global-spacing d-flex align-items-lg-center align-items-md-center align-items-center style-787 style-local-347-c23 position-relative\">\n    <!---->\n    <!---->\n    <div class=\"h-section-grid-container h-section-boxed-container\">\n      <!---->\n      <div data-colibri-id=\"347-c24\" class=\"h-row-container gutters-row-lg-2 gutters-row-md-2 gutters-row-0 gutters-row-v-lg-2 gutters-row-v-md-2 gutters-row-v-2 style-788 style-local-347-c24 position-relative\">\n        <!---->\n        <div class=\"h-row justify-content-lg-center justify-content-md-center justify-content-center align-items-lg-stretch align-items-md-stretch align-items-stretch gutters-col-lg-2 gutters-col-md-2 gutters-col-0 gutters-col-v-lg-2 gutters-col-v-md-2 gutters-col-v-2\">\n          <!---->\n          <div class=\"h-column h-column-container d-flex h-col-lg-auto h-col-md-auto h-col-auto style-789-outer style-local-347-c25-outer\">\n            <div data-colibri-id=\"347-c25\" class=\"d-flex h-flex-basis h-column__inner h-px-lg-2 h-px-md-2 h-px-2 v-inner-lg-2 v-inner-md-2 v-inner-2 style-789 style-local-347-c25 position-relative\">\n              <!---->\n              <!---->\n              <div class=\"w-100 h-y-container h-column__content h-column__v-align flex-basis-100 align-self-lg-center align-self-md-center align-self-center\">\n                <!---->\n                <div data-colibri-id=\"347-c31\" class=\"h-text h-text-component style-795 style-local-347-c31 position-relative h-element\">\n                  <!---->\n                  <!---->\n                  <div class=\"\">\n                    <p>Der Freckenhorster Heimatverein veranstaltet zwei Aktionen am<\/p>\n                    <p><span style=\"font-weight: 600; font-size: 101%;\">Sonntag, 3. Mai 2026 <\/span><\/p>\n                    <p><span style=\"font-weight: 600; font-size: 101%;\">von 12:30 Uhr bis 18:00 Uhr*<\/span><\/p>\n                    <p>auf dem Kirchplatz.<\/p>\n                    <p><span style=\"font-size: 70%;\">(*Die Uhrzeiten stehen noch nicht fest und k\u00f6nnen sich \u00e4ndern)<\/span><\/p>\n                  <\/div>\n                <\/div>\n              <\/div>\n            <\/div>\n          <\/div>\n          <div class=\"h-column h-column-container d-flex h-col-lg-auto h-col-md-auto h-col-auto style-790-outer style-local-347-c26-outer\">\n            <div data-colibri-id=\"347-c26\" class=\"d-flex h-flex-basis h-column__inner h-px-lg-2 h-px-md-2 h-px-2 v-inner-lg-2 v-inner-md-2 v-inner-2 style-790 style-local-347-c26 position-relative\">\n              <!---->\n              <!---->\n              <div class=\"w-100 h-y-container h-column__content h-column__v-align flex-basis-100 align-self-lg-start align-self-md-start align-self-start\">\n                <!---->\n                <div data-colibri-id=\"347-c32\" class=\"d-block style-796 style-local-347-c32 position-relative h-element\">\n                  <!---->\n                  <div class=\"h-image__frame-container-outer\">\n                    <div class=\"h-image__frame-container\">\n                      <!---->\n                      <!---->\n                      <img loading=\"lazy\" decoding=\"async\" width=\"2560\" height=\"1709\" src=\"https:\/\/heimatverein-freckenhorst.de\/1175\/wp-content\/uploads\/2026\/02\/Freckenhorst-scaled.jpg\" class=\"wp-image-1455 style-796-image style-local-347-c32-image\" alt=\"\" srcset=\"https:\/\/heimatverein-freckenhorst.de\/1175\/wp-content\/uploads\/2026\/02\/Freckenhorst-scaled.jpg 2560w, https:\/\/heimatverein-freckenhorst.de\/1175\/wp-content\/uploads\/2026\/02\/Freckenhorst-300x200.jpg 300w, https:\/\/heimatverein-freckenhorst.de\/1175\/wp-content\/uploads\/2026\/02\/Freckenhorst-1024x684.jpg 1024w, https:\/\/heimatverein-freckenhorst.de\/1175\/wp-content\/uploads\/2026\/02\/Freckenhorst-768x513.jpg 768w, https:\/\/heimatverein-freckenhorst.de\/1175\/wp-content\/uploads\/2026\/02\/Freckenhorst-1536x1026.jpg 1536w, https:\/\/heimatverein-freckenhorst.de\/1175\/wp-content\/uploads\/2026\/02\/Freckenhorst-2048x1367.jpg 2048w\" sizes=\"auto, (max-width: 2560px) 100vw, 2560px\" \/>\n                      <div class=\"h-image__frame h-hide-lg h-hide-md h-hide-sm style-796-frameImage style-local-347-c32-frameImage\"><\/div>\n                    <\/div>\n                  <\/div>\n                <\/div>\n              <\/div>\n            <\/div>\n          <\/div>\n        <\/div>\n      <\/div>\n      <div data-colibri-id=\"347-c33\" class=\"h-row-container gutters-row-lg-2 gutters-row-md-2 gutters-row-0 gutters-row-v-lg-2 gutters-row-v-md-2 gutters-row-v-2 style-797 style-local-347-c33 position-relative\">\n        <!---->\n        <div class=\"h-row justify-content-lg-center justify-content-md-center justify-content-center align-items-lg-stretch align-items-md-stretch align-items-stretch gutters-col-lg-2 gutters-col-md-2 gutters-col-0 gutters-col-v-lg-2 gutters-col-v-md-2 gutters-col-v-2\">\n          <!---->\n          <div class=\"h-column h-column-container d-flex h-col-lg-auto h-col-md-auto h-col-auto style-798-outer style-local-347-c34-outer\">\n            <div data-colibri-id=\"347-c34\" class=\"d-flex h-flex-basis h-column__inner h-px-lg-2 h-px-md-2 h-px-2 v-inner-lg-2 v-inner-md-2 v-inner-2 style-798 style-local-347-c34 position-relative\">\n              <!---->\n              <!---->\n              <div class=\"w-100 h-y-container h-column__content h-column__v-align flex-basis-100 align-self-lg-start align-self-md-start align-self-start\">\n                <!---->\n                <div data-colibri-id=\"347-c37\" class=\"d-block style-801 style-local-347-c37 position-relative h-element\">\n                  <!---->\n                  <div class=\"h-image__frame-container-outer\">\n                    <div class=\"h-image__frame-container\">\n                      <!---->\n                      <!---->\n                      <img loading=\"lazy\" decoding=\"async\" width=\"2000\" height=\"1126\" src=\"https:\/\/heimatverein-freckenhorst.de\/1175\/wp-content\/uploads\/2026\/02\/1175-2.jpg\" class=\"wp-image-1722 style-801-image style-local-347-c37-image\" alt=\"\" srcset=\"https:\/\/heimatverein-freckenhorst.de\/1175\/wp-content\/uploads\/2026\/02\/1175-2.jpg 2000w, https:\/\/heimatverein-freckenhorst.de\/1175\/wp-content\/uploads\/2026\/02\/1175-2-300x169.jpg 300w, https:\/\/heimatverein-freckenhorst.de\/1175\/wp-content\/uploads\/2026\/02\/1175-2-1024x577.jpg 1024w, https:\/\/heimatverein-freckenhorst.de\/1175\/wp-content\/uploads\/2026\/02\/1175-2-768x432.jpg 768w, https:\/\/heimatverein-freckenhorst.de\/1175\/wp-content\/uploads\/2026\/02\/1175-2-1536x865.jpg 1536w\" sizes=\"auto, (max-width: 2000px) 100vw, 2000px\" \/>\n                      <div class=\"h-image__frame h-hide-lg h-hide-md h-hide-sm style-801-frameImage style-local-347-c37-frameImage\"><\/div>\n                    <\/div>\n                  <\/div>\n                <\/div>\n              <\/div>\n            <\/div>\n          <\/div>\n          <div class=\"h-column h-column-container d-flex h-col-lg-auto h-col-md-auto h-col-auto style-799-outer style-local-347-c35-outer\">\n            <div data-colibri-id=\"347-c35\" class=\"d-flex h-flex-basis h-column__inner h-px-lg-2 h-px-md-2 h-px-2 v-inner-lg-2 v-inner-md-2 v-inner-2 style-799 style-local-347-c35 position-relative\">\n              <!---->\n              <!---->\n              <div class=\"w-100 h-y-container h-column__content h-column__v-align flex-basis-100 align-self-lg-center align-self-md-center align-self-center\">\n                <!---->\n                <div data-colibri-id=\"347-c36\" class=\"h-text h-text-component style-800 style-local-347-c36 position-relative h-element\">\n                  <!---->\n                  <!---->\n                  <div class=\"\">\n                    <p>Die eine Aktion hei\u00dft \u201eMein St\u00fcck Heimat\u201c. Hier steht eine Fotobox, in der sich Besucher und Besucherinnen mit ihrem \u201eSt\u00fcck Heimat\u201c fotografieren lassen k\u00f6nnen. Jeder kann sein St\u00fcck Heimat mitbringen. Das St\u00fcck Heimat ist ein Symbol,\n                      das das pers\u00f6nliche und individuelle Heimatgef\u00fchl oder das Zuhausegef\u00fchl verdeutlicht und beschreibt. Diese Fotos werden dann an einer langen Leine aufgeh\u00e4ngt. So erfahren wir viel \u00fcber unsere Mitmenschen und \u00fcber die Bedeutung unseres\n                      Heimatorts. (Diese Fotos werden nicht im Internet ver\u00f6ffentlicht.)<\/p>\n                  <\/div>\n                <\/div>\n              <\/div>\n            <\/div>\n          <\/div>\n        <\/div>\n      <\/div>\n      <div data-colibri-id=\"347-c38\" class=\"h-row-container gutters-row-lg-2 gutters-row-md-2 gutters-row-0 gutters-row-v-lg-2 gutters-row-v-md-2 gutters-row-v-2 style-802 style-local-347-c38 position-relative\">\n        <!---->\n        <div class=\"h-row justify-content-lg-center justify-content-md-center justify-content-center align-items-lg-stretch align-items-md-stretch align-items-stretch gutters-col-lg-2 gutters-col-md-2 gutters-col-0 gutters-col-v-lg-2 gutters-col-v-md-2 gutters-col-v-2\">\n          <!---->\n          <div class=\"h-column h-column-container d-flex h-col-lg-auto h-col-md-auto h-col-auto style-803-outer style-local-347-c39-outer\">\n            <div data-colibri-id=\"347-c39\" class=\"d-flex h-flex-basis h-column__inner h-px-lg-2 h-px-md-2 h-px-2 v-inner-lg-2 v-inner-md-2 v-inner-2 style-803 style-local-347-c39 position-relative\">\n              <!---->\n              <!---->\n              <div class=\"w-100 h-y-container h-column__content h-column__v-align flex-basis-100 align-self-lg-center align-self-md-center align-self-center\">\n                <!---->\n                <div data-colibri-id=\"347-c41\" class=\"h-text h-text-component style-805 style-local-347-c41 position-relative h-element\">\n                  <!---->\n                  <!---->\n                  <div class=\"\">\n                    <p><span style=\"font-weight: 600;\">&#8222;<\/span><em style=\"font-weight: 600;\">Aus aller Welt nach Freckenhorst<\/em><span style=\"font-weight: 600;\">&#8222;<\/span> lautet die zweite Aktion am Stand des Freckenhorster Heimatvereins. Auf einer gro\u00dfen\n                      Weltkarte sollen all diejenigen, die nicht in Freckenhorst aufgewachsen sind, ihren Geburtsort markieren und aufschreiben. Viele Menschen, die heute in Freckenhorst Zuhause sind, sind aus ganz vielen Orten und L\u00e4ndern zu uns gezogen.\n                      Wie vielf\u00e4ltig und bereichernd das ist, wird uns die Landkarte zeigen.<\/p>\n                  <\/div>\n                <\/div>\n              <\/div>\n            <\/div>\n          <\/div>\n          <div class=\"h-column h-column-container d-flex h-col-lg-auto h-col-md-auto h-col-auto style-804-outer style-local-347-c40-outer\">\n            <div data-colibri-id=\"347-c40\" class=\"d-flex h-flex-basis h-column__inner h-px-lg-1 h-px-md-1 h-px-1 v-inner-lg-1 v-inner-md-1 v-inner-1 style-804 style-local-347-c40 position-relative\">\n              <!---->\n              <!---->\n              <div class=\"w-100 h-y-container h-column__content h-column__v-align flex-basis-100 align-self-lg-start align-self-md-start align-self-start\">\n                <!---->\n                <div data-colibri-id=\"347-c42\" class=\"d-block style-806 style-local-347-c42 position-relative h-element\">\n                  <!---->\n                  <div class=\"h-image__frame-container-outer\">\n                    <div class=\"h-image__frame-container\">\n                      <!---->\n                      <!---->\n                      <img loading=\"lazy\" decoding=\"async\" width=\"2560\" height=\"1714\" src=\"https:\/\/heimatverein-freckenhorst.de\/1175\/wp-content\/uploads\/2026\/03\/mojpe-learning-928638-scaled.jpg\" class=\"wp-image-2528 style-806-image style-local-347-c42-image\" alt=\"\" srcset=\"https:\/\/heimatverein-freckenhorst.de\/1175\/wp-content\/uploads\/2026\/03\/mojpe-learning-928638-scaled.jpg 2560w, https:\/\/heimatverein-freckenhorst.de\/1175\/wp-content\/uploads\/2026\/03\/mojpe-learning-928638-300x201.jpg 300w, https:\/\/heimatverein-freckenhorst.de\/1175\/wp-content\/uploads\/2026\/03\/mojpe-learning-928638-1024x685.jpg 1024w, https:\/\/heimatverein-freckenhorst.de\/1175\/wp-content\/uploads\/2026\/03\/mojpe-learning-928638-768x514.jpg 768w, https:\/\/heimatverein-freckenhorst.de\/1175\/wp-content\/uploads\/2026\/03\/mojpe-learning-928638-1536x1028.jpg 1536w, https:\/\/heimatverein-freckenhorst.de\/1175\/wp-content\/uploads\/2026\/03\/mojpe-learning-928638-2048x1371.jpg 2048w\" sizes=\"auto, (max-width: 2560px) 100vw, 2560px\" \/>\n                      <div class=\"h-image__frame h-hide-lg h-hide-md h-hide-sm style-806-frameImage style-local-347-c42-frameImage\"><\/div>\n                    <\/div>\n                  <\/div>\n                <\/div>\n                <div data-colibri-id=\"347-c48\" class=\"h-text h-text-component style-812 style-local-347-c48 position-relative h-element\">\n                  <!---->\n                  <!---->\n                  <div class=\"\">\n                    <p><em style=\"font-size: 75%;\">Image by Mojca-Peter from Pixabay<\/em><\/p>\n                  <\/div>\n                <\/div>\n              <\/div>\n            <\/div>\n          <\/div>\n        <\/div>\n      <\/div>\n      <div data-colibri-id=\"347-c43\" class=\"h-row-container gutters-row-lg-2 gutters-row-md-2 gutters-row-0 gutters-row-v-lg-2 gutters-row-v-md-2 gutters-row-v-2 style-807 style-local-347-c43 position-relative\">\n        <!---->\n        <div class=\"h-row justify-content-lg-center justify-content-md-center justify-content-center align-items-lg-stretch align-items-md-stretch align-items-stretch gutters-col-lg-2 gutters-col-md-2 gutters-col-0 gutters-col-v-lg-2 gutters-col-v-md-2 gutters-col-v-2\">\n          <!---->\n          <div class=\"h-column h-column-container d-flex h-col-lg-auto h-col-md-auto h-col-auto style-808-outer style-local-347-c44-outer\">\n            <div data-colibri-id=\"347-c44\" class=\"d-flex h-flex-basis h-column__inner h-px-lg-2 h-px-md-2 h-px-2 v-inner-lg-2 v-inner-md-2 v-inner-2 style-808 style-local-347-c44 position-relative\">\n              <!---->\n              <!---->\n              <div class=\"w-100 h-y-container h-column__content h-column__v-align flex-basis-100 align-self-lg-start align-self-md-start align-self-start\">\n                <!---->\n                <div data-colibri-id=\"347-c47\" class=\"d-block style-811 style-local-347-c47 position-relative h-element\">\n                  <!---->\n                  <div class=\"h-image__frame-container-outer\">\n                    <div class=\"h-image__frame-container\">\n                      <!---->\n                      <!---->\n                      <img loading=\"lazy\" decoding=\"async\" width=\"402\" height=\"349\" src=\"https:\/\/heimatverein-freckenhorst.de\/1175\/wp-content\/uploads\/2026\/02\/cropped-Bild_2026-02-20_071816830.png\" class=\"wp-image-2543 style-811-image style-local-347-c47-image\" alt=\"\" srcset=\"https:\/\/heimatverein-freckenhorst.de\/1175\/wp-content\/uploads\/2026\/02\/cropped-Bild_2026-02-20_071816830.png 402w, https:\/\/heimatverein-freckenhorst.de\/1175\/wp-content\/uploads\/2026\/02\/cropped-Bild_2026-02-20_071816830-300x260.png 300w\" sizes=\"auto, (max-width: 402px) 100vw, 402px\" \/>\n                      <div class=\"h-image__frame h-hide-lg h-hide-md h-hide-sm style-811-frameImage style-local-347-c47-frameImage\"><\/div>\n                    <\/div>\n                  <\/div>\n                <\/div>\n              <\/div>\n            <\/div>\n          <\/div>\n          <div class=\"h-column h-column-container d-flex h-col-lg-auto h-col-md-auto h-col-auto style-809-outer style-local-347-c45-outer\">\n            <div data-colibri-id=\"347-c45\" class=\"d-flex h-flex-basis h-column__inner h-px-lg-2 h-px-md-2 h-px-2 v-inner-lg-2 v-inner-md-2 v-inner-2 style-809 style-local-347-c45 position-relative\">\n              <!---->\n              <!---->\n              <div class=\"w-100 h-y-container h-column__content h-column__v-align flex-basis-100 align-self-lg-center align-self-md-center align-self-center\">\n                <!---->\n                <div data-colibri-id=\"347-c46\" class=\"h-text h-text-component style-810 style-local-347-c46 position-relative h-element\">\n                  <!---->\n                  <!---->\n                  <div class=\"\">\n                    <p>Am <span style=\"font-weight: 800;\">Sonntag, 17. Mai 2026 <\/span>feiert der Freckenhorster Heimatverein sein<span style=\"font-weight: 800;\"><br> 50 j\u00e4hriges Bestehen.<\/span><\/p>\n                    <p>Ab 11:00 Uhr sind alle Mitglieder, Freunde und Interessierte zu einem Empfang in den Stiftshof D\u00fchlmann eingeladen.<\/p>\n                  <\/div>\n                <\/div>\n              <\/div>\n            <\/div>\n          <\/div>\n        <\/div>\n      <\/div>\n    <\/div>\n  <\/div>\n<\/div>","protected":false},"excerpt":{"rendered":"<p>Der Freckenhorster Heimatverein veranstaltet zwei Aktionen am Sonntag, 3. Mai 2026 von 12:30 [&hellip;]<\/p>\n","protected":false},"author":1,"featured_media":0,"parent":239,"menu_order":5,"comment_status":"closed","ping_status":"closed","template":"page-templates\/full-width-page.php","meta":{"footnotes":""},"class_list":["post-347","page","type-page","status-publish","hentry"],"_links":{"self":[{"href":"https:\/\/heimatverein-freckenhorst.de\/1175\/wp-json\/wp\/v2\/pages\/347","targetHints":{"allow":["GET"]}}],"collection":[{"href":"https:\/\/heimatverein-freckenhorst.de\/1175\/wp-json\/wp\/v2\/pages"}],"about":[{"href":"https:\/\/heimatverein-freckenhorst.de\/1175\/wp-json\/wp\/v2\/types\/page"}],"author":[{"embeddable":true,"href":"https:\/\/heimatverein-freckenhorst.de\/1175\/wp-json\/wp\/v2\/users\/1"}],"replies":[{"embeddable":true,"href":"https:\/\/heimatverein-freckenhorst.de\/1175\/wp-json\/wp\/v2\/comments?post=347"}],"version-history":[{"count":11,"href":"https:\/\/heimatverein-freckenhorst.de\/1175\/wp-json\/wp\/v2\/pages\/347\/revisions"}],"predecessor-version":[{"id":2545,"href":"https:\/\/heimatverein-freckenhorst.de\/1175\/wp-json\/wp\/v2\/pages\/347\/revisions\/2545"}],"up":[{"embeddable":true,"href":"https:\/\/heimatverein-freckenhorst.de\/1175\/wp-json\/wp\/v2\/pages\/239"}],"wp:attachment":[{"href":"https:\/\/heimatverein-freckenhorst.de\/1175\/wp-json\/wp\/v2\/media?parent=347"}],"curies":[{"name":"wp","href":"https:\/\/api.w.org\/{rel}","templated":true}]}}