{"id":342,"date":"2025-09-28T15:48:42","date_gmt":"2025-09-28T13:48:42","guid":{"rendered":"http:\/\/localhost\/wordpress\/?page_id=342"},"modified":"2026-03-25T00:20:45","modified_gmt":"2026-03-24T23:20:45","slug":"theater-kabarett-im-kreuzgang","status":"publish","type":"page","link":"https:\/\/heimatverein-freckenhorst.de\/1175\/programmpunkte\/theater-kabarett-im-kreuzgang\/","title":{"rendered":"Theater im Kreuzgang"},"content":{"rendered":"<div data-colibri-id=\"342-c1\" class=\"style-993 style-local-342-c1 position-relative\">\n  <!---->\n  <div data-colibri-component=\"section\" data-colibri-id=\"342-c11\" id=\"blank\" class=\"h-section h-section-global-spacing d-flex align-items-lg-center align-items-md-center align-items-center style-742 style-local-342-c11 position-relative\">\n    <!---->\n    <!---->\n    <div class=\"h-section-grid-container h-section-boxed-container\">\n      <!---->\n      <div data-colibri-id=\"342-c12\" class=\"h-row-container gutters-row-lg-0 gutters-row-md-0 gutters-row-0 gutters-row-v-lg-0 gutters-row-v-md-0 gutters-row-v-0 style-743 style-local-342-c12 position-relative\">\n        <!---->\n        <div class=\"h-row justify-content-lg-center justify-content-md-center justify-content-center align-items-lg-stretch align-items-md-stretch align-items-stretch gutters-col-lg-0 gutters-col-md-0 gutters-col-0 gutters-col-v-lg-0 gutters-col-v-md-0 gutters-col-v-0\">\n          <!---->\n          <div class=\"h-column h-column-container d-flex h-col-lg-auto h-col-md-auto h-col-auto style-744-outer style-local-342-c13-outer\">\n            <div data-colibri-id=\"342-c13\" class=\"d-flex h-flex-basis h-column__inner h-px-lg-2 h-px-md-2 h-px-2 v-inner-lg-2 v-inner-md-2 v-inner-2 style-744 style-local-342-c13 position-relative\">\n              <!---->\n              <!---->\n              <div class=\"w-100 h-y-container h-column__content h-column__v-align flex-basis-100 align-self-lg-start align-self-md-start align-self-start\">\n                <!---->\n                <div data-colibri-id=\"342-c5\" class=\"d-block style-1004 style-local-342-c5 position-relative h-element\">\n                  <!---->\n                  <div class=\"h-image__frame-container-outer\">\n                    <div class=\"h-image__frame-container\">\n                      <!---->\n                      <!---->\n                      <img loading=\"lazy\" decoding=\"async\" width=\"1080\" height=\"1080\" src=\"https:\/\/heimatverein-freckenhorst.de\/1175\/wp-content\/uploads\/2026\/02\/cropped-Bild_2026-02-27_130924580.png\" class=\"wp-image-1807 style-1004-image style-local-342-c5-image\" alt=\"\" srcset=\"https:\/\/heimatverein-freckenhorst.de\/1175\/wp-content\/uploads\/2026\/02\/cropped-Bild_2026-02-27_130924580.png 1080w, https:\/\/heimatverein-freckenhorst.de\/1175\/wp-content\/uploads\/2026\/02\/cropped-Bild_2026-02-27_130924580-300x300.png 300w, https:\/\/heimatverein-freckenhorst.de\/1175\/wp-content\/uploads\/2026\/02\/cropped-Bild_2026-02-27_130924580-1024x1024.png 1024w, https:\/\/heimatverein-freckenhorst.de\/1175\/wp-content\/uploads\/2026\/02\/cropped-Bild_2026-02-27_130924580-150x150.png 150w, https:\/\/heimatverein-freckenhorst.de\/1175\/wp-content\/uploads\/2026\/02\/cropped-Bild_2026-02-27_130924580-768x768.png 768w\" sizes=\"auto, (max-width: 1080px) 100vw, 1080px\" \/>\n                      <div class=\"h-image__frame h-hide-lg h-hide-md h-hide-sm style-1004-frameImage style-local-342-c5-frameImage\"><\/div>\n                    <\/div>\n                  <\/div>\n                <\/div>\n              <\/div>\n            <\/div>\n          <\/div>\n          <div class=\"h-column h-column-container d-flex h-col-lg-auto h-col-md-auto h-col-auto style-745-outer style-local-342-c14-outer\">\n            <div data-colibri-id=\"342-c14\" class=\"d-flex h-flex-basis h-column__inner h-px-lg-2 h-px-md-2 h-px-2 v-inner-lg-2 v-inner-md-2 v-inner-2 style-745 style-local-342-c14 position-relative\">\n              <!---->\n              <!---->\n              <div class=\"w-100 h-y-container h-column__content h-column__v-align flex-basis-100 align-self-lg-start align-self-md-start align-self-start\">\n                <!---->\n                <div data-colibri-id=\"342-c7\" class=\"h-text h-text-component style-1002 style-local-342-c7 position-relative h-element\">\n                  <!---->\n                  <!---->\n                  <div class=\"\">\n                    <p><span style=\"color: rgb(95, 95, 95);\">Wer ist Thomas Philipzen?<\/span><\/p>\n                    <p><span style=\"color: rgb(95, 95, 95);\">Thomas Philipzen geh\u00f6rt seit vielen Jahren zu den festen Gr\u00f6\u00dfen der deutschen Kabarettszene. Bekannt wurde er insbesondere als Mitbegr\u00fcnder und pr\u00e4gende Stimme des Kult-Kabarett-Trios STORNO aus M\u00fcnster.<\/span><\/p>\n                    <p><span style=\"color: rgb(95, 95, 95);\">Mit STORNO begeisterte er \u00fcber zwei Jahrzehnte hinweg ein breites Publikum mit j\u00e4hrlich neuen Programmen, in denen Politik, Gesellschaft und Alltagsabsurdit\u00e4ten messerscharf und zugleich herrlich humorvoll seziert wurden. Neben seiner Arbeit mit STORNO steht Philipzen auch solo auf der B\u00fchne. Seine Programme verbinden:<\/span><\/p>\n                    <ul>\n                      <li><span style=\"color: rgb(95, 95, 95);\">feinsinnige Gesellschaftssatire<\/span><\/li>\n                      <li><span style=\"color: rgb(95, 95, 95);\">spontane Improvisation und Interaktion mit dem Publikum<\/span><\/li>\n                      <li><span style=\"color: rgb(95, 95, 95);\">intelligentes Wortspiel und treffsichere Pointen<\/span><\/li>\n                      <li><span style=\"color: rgb(95, 95, 95);\">warmherzigen Humor mit Tiefgang<\/span><\/li>\n                    <\/ul>\n                    <p><span style=\"color: rgb(95, 95, 95);\">Seine Auftritte sind gepr\u00e4gt von N\u00e4he zum Publikum und einer bemerkenswerten F\u00e4higkeit, selbst komplexe Themen leicht und unterhaltsam zu vermitteln.<\/span><\/p>\n                    <p><span style=\"color: rgb(95, 95, 95);\">\u00dcber die Jahre wurde seine Arbeit mit zahlreichen Preisen und begeisterten Kritiken gew\u00fcrdigt. Publikum und Presse sch\u00e4tzen besonders seine authentische B\u00fchnenpr\u00e4senz und seinen unverwechselbaren Humor.<\/span><\/p>\n                    <p><span style=\"color: rgb(95, 95, 95);\">Dass es gelungen ist, Thomas Philipzen f\u00fcr unseren Auftritt zu gewinnen, ist wirklich etwas Besonderes und das noch im Jahr unseres 1175j\u00e4hrigen Jubil\u00e4ums. Mit seinem 9. Soloprogramm &#8222;Hirn in Teilzeit&#8220; &#8222;&#8230;rast er spielend, singend und improvisierend durch die Unbest\u00e4ndigkeit der politisch-gesellschaftlichen Gro\u00dfwetterlage&#8220; .Seine Mischung aus Witz, Charme und gesellschaftlicher Klarsicht verspricht einen Abend, der zum Lachen bringt, zum Nachdenken anregt \u2013 und noch lange in Erinnerung bleibt.<\/span><\/p>\n                    <p><span style=\"color: rgb(95, 95, 95);\">Freuen wir uns gemeinsam auf einen unterhaltsamen und inspirierenden Auftritt!<\/span><\/p>\n                    <p><span style=\"color: rgb(95, 95, 95);\">Einlass ist am 01.05.2026 um 18:00 Uhr, Start um 19:30 Uhr.<\/span><\/p>\n                    <p><span style=\"color: rgb(95, 95, 95);\">Der <\/span><strong style=\"color: rgb(95, 95, 95); font-weight: 700;\">Vorverkauf <\/strong><span style=\"color: rgb(95, 95, 95);\">f\u00fcr die Karten fand<\/span><\/p>\n                  <\/div>\n                <\/div>\n              <\/div>\n            <\/div>\n          <\/div>\n        <\/div>\n      <\/div>\n      <div data-colibri-id=\"342-c19\" class=\"h-row-container gutters-row-lg-0 gutters-row-md-0 gutters-row-0 gutters-row-v-lg-0 gutters-row-v-md-0 gutters-row-v-0 style-750 style-local-342-c19 position-relative\">\n        <!---->\n        <div class=\"h-row justify-content-lg-center justify-content-md-center justify-content-center align-items-lg-stretch align-items-md-stretch align-items-stretch gutters-col-lg-0 gutters-col-md-0 gutters-col-0 gutters-col-v-lg-0 gutters-col-v-md-0 gutters-col-v-0\">\n          <!---->\n          <div class=\"h-column h-column-container d-flex h-col-lg-auto h-col-md-auto h-col-auto style-751-outer style-local-342-c20-outer\">\n            <div data-colibri-id=\"342-c20\" class=\"d-flex h-flex-basis h-column__inner h-ui-empty-state-container h-px-lg-2 h-px-md-2 h-px-2 v-inner-lg-2 v-inner-md-2 v-inner-2 style-751 style-local-342-c20 position-relative\">\n              <!---->\n              <!---->\n              <div class=\"w-100 h-y-container h-column__content h-column__v-align flex-basis-100\">\n                <!---->\n              <\/div>\n            <\/div>\n          <\/div>\n          <div class=\"h-column h-column-container d-flex h-col-lg-auto h-col-md-auto h-col-auto style-752-outer style-local-342-c22-outer\">\n            <div data-colibri-id=\"342-c22\" class=\"d-flex h-flex-basis h-column__inner h-px-lg-2 h-px-md-2 h-px-2 v-inner-lg-2 v-inner-md-2 v-inner-2 style-752 style-local-342-c22 position-relative\">\n              <!---->\n              <!---->\n              <div class=\"w-100 h-y-container h-column__content h-column__v-align flex-basis-100 align-self-lg-start align-self-md-start align-self-start\">\n                <!---->\n                <div data-colibri-id=\"342-c21\" class=\"h-text h-text-component style-1016 style-local-342-c21 position-relative h-element\">\n                  <!---->\n                  <!---->\n                  <div class=\"\">\n                    <p><span style=\"font-weight: 600; color: rgb(95, 95, 95);\">am 21.03.2026<br>in der Zeit vom 08:00 Uhr bis 10.00 Uhr<br>an der Pauluskirche in Freckenhorst<\/span><\/p>\n                  <\/div>\n                <\/div>\n              <\/div>\n            <\/div>\n          <\/div>\n        <\/div>\n      <\/div>\n      <div data-colibri-id=\"342-c23\" class=\"h-row-container gutters-row-lg-0 gutters-row-md-0 gutters-row-0 gutters-row-v-lg-0 gutters-row-v-md-0 gutters-row-v-0 style-753 style-local-342-c23 position-relative\">\n        <!---->\n        <div class=\"h-row justify-content-lg-center justify-content-md-center justify-content-center align-items-lg-stretch align-items-md-stretch align-items-stretch gutters-col-lg-0 gutters-col-md-0 gutters-col-0 gutters-col-v-lg-0 gutters-col-v-md-0 gutters-col-v-0\">\n          <!---->\n          <div class=\"h-column h-column-container d-flex h-col-lg-auto h-col-md-auto h-col-auto style-754-outer style-local-342-c24-outer\">\n            <div data-colibri-id=\"342-c24\" class=\"d-flex h-flex-basis h-column__inner h-ui-empty-state-container h-px-lg-2 h-px-md-2 h-px-2 v-inner-lg-2 v-inner-md-2 v-inner-2 style-754 style-local-342-c24 position-relative\">\n              <!---->\n              <!---->\n              <div class=\"w-100 h-y-container h-column__content h-column__v-align flex-basis-100\">\n                <!---->\n              <\/div>\n            <\/div>\n          <\/div>\n          <div class=\"h-column h-column-container d-flex h-col-lg-auto h-col-md-auto h-col-auto style-755-outer style-local-342-c26-outer\">\n            <div data-colibri-id=\"342-c26\" class=\"d-flex h-flex-basis h-column__inner h-px-lg-2 h-px-md-2 h-px-2 v-inner-lg-2 v-inner-md-2 v-inner-2 style-755 style-local-342-c26 position-relative\">\n              <!---->\n              <!---->\n              <div class=\"w-100 h-y-container h-column__content h-column__v-align flex-basis-100 align-self-lg-start align-self-md-start align-self-start\">\n                <!---->\n                <div data-colibri-id=\"342-c25\" class=\"h-text h-text-component style-1017 style-local-342-c25 position-relative h-element\">\n                  <!---->\n                  <!---->\n                  <div class=\"\">\n                    <p><span style=\"color: rgb(95, 95, 95);\">statt. Pro Personen konnten maximal 4 Karten erworben werden, die Kosten f\u00fcr die Eintrittskarten belaufen sich auf 20,- Euro, f\u00fcr Sch\u00fcler:innen und Student:innen gibt es einen erm\u00e4\u00dfigten Preis von 10,- Euro. <\/span><\/p>\n                    <p><span style=\"color: rgb(95, 95, 95);\">Wenn das Theater <\/span><span style=\"color: rgb(95, 95, 95); font-weight: 400; font-size: 16px; font-family: &quot;Open Sans&quot;;\">bei gutem Wetter&nbsp;<\/span><span style=\"color: rgb(95, 95, 95);\">wie gewohnt am Kreuzgang der Stiftskirche in Freckenhorst stattfinden kann, wird es zudem noch Karten an der Abendkasse geben.<\/span><\/p>\n                  <\/div>\n                <\/div>\n              <\/div>\n            <\/div>\n          <\/div>\n        <\/div>\n      <\/div>\n      <div data-colibri-id=\"342-c27\" class=\"h-row-container gutters-row-lg-0 gutters-row-md-0 gutters-row-0 gutters-row-v-lg-0 gutters-row-v-md-0 gutters-row-v-0 style-756 style-local-342-c27 position-relative\">\n        <!---->\n        <div class=\"h-row justify-content-lg-center justify-content-md-center justify-content-center align-items-lg-stretch align-items-md-stretch align-items-stretch gutters-col-lg-0 gutters-col-md-0 gutters-col-0 gutters-col-v-lg-0 gutters-col-v-md-0 gutters-col-v-0\">\n          <!---->\n          <div class=\"h-column h-column-container d-flex h-col-lg-auto h-col-md-auto h-col-auto style-758-outer style-local-342-c29-outer\">\n            <div data-colibri-id=\"342-c29\" class=\"d-flex h-flex-basis h-column__inner h-px-lg-2 h-px-md-2 h-px-2 v-inner-lg-2 v-inner-md-2 v-inner-2 style-758 style-local-342-c29 position-relative\">\n              <!---->\n              <!---->\n              <div class=\"w-100 h-y-container h-column__content h-column__v-align flex-basis-100 align-self-lg-start align-self-md-start align-self-start\">\n                <!---->\n                <div data-colibri-id=\"342-c10\" class=\"h-text h-text-component style-1018 style-local-342-c10 position-relative h-element\">\n                  <!---->\n                  <!---->\n                  <div class=\"\">\n                    <p><span style=\"color: rgb(0, 102, 204);\">h<\/span><span style=\"color: rgb(0, 102, 204); font-family: &quot;Didact Gothic&quot;; font-size: 16px; font-weight: 400;\">ttps:\/\/www.thomasphilipzen.de\/<\/span><\/p>\n                  <\/div>\n                <\/div>\n              <\/div>\n            <\/div>\n          <\/div>\n        <\/div>\n      <\/div>\n    <\/div>\n  <\/div>\n<\/div>","protected":false},"excerpt":{"rendered":"<p>Wer ist Thomas Philipzen? Thomas Philipzen geh\u00f6rt seit vielen Jahren zu den festen [&hellip;]<\/p>\n","protected":false},"author":1,"featured_media":0,"parent":239,"menu_order":3,"comment_status":"closed","ping_status":"closed","template":"page-templates\/full-width-page.php","meta":{"footnotes":""},"class_list":["post-342","page","type-page","status-publish","hentry"],"_links":{"self":[{"href":"https:\/\/heimatverein-freckenhorst.de\/1175\/wp-json\/wp\/v2\/pages\/342","targetHints":{"allow":["GET"]}}],"collection":[{"href":"https:\/\/heimatverein-freckenhorst.de\/1175\/wp-json\/wp\/v2\/pages"}],"about":[{"href":"https:\/\/heimatverein-freckenhorst.de\/1175\/wp-json\/wp\/v2\/types\/page"}],"author":[{"embeddable":true,"href":"https:\/\/heimatverein-freckenhorst.de\/1175\/wp-json\/wp\/v2\/users\/1"}],"replies":[{"embeddable":true,"href":"https:\/\/heimatverein-freckenhorst.de\/1175\/wp-json\/wp\/v2\/comments?post=342"}],"version-history":[{"count":11,"href":"https:\/\/heimatverein-freckenhorst.de\/1175\/wp-json\/wp\/v2\/pages\/342\/revisions"}],"predecessor-version":[{"id":2485,"href":"https:\/\/heimatverein-freckenhorst.de\/1175\/wp-json\/wp\/v2\/pages\/342\/revisions\/2485"}],"up":[{"embeddable":true,"href":"https:\/\/heimatverein-freckenhorst.de\/1175\/wp-json\/wp\/v2\/pages\/239"}],"wp:attachment":[{"href":"https:\/\/heimatverein-freckenhorst.de\/1175\/wp-json\/wp\/v2\/media?parent=342"}],"curies":[{"name":"wp","href":"https:\/\/api.w.org\/{rel}","templated":true}]}}