{"id":332,"date":"2025-09-28T15:32:09","date_gmt":"2025-09-28T13:32:09","guid":{"rendered":"http:\/\/localhost\/wordpress\/?page_id=332"},"modified":"2026-03-25T20:54:14","modified_gmt":"2026-03-25T19:54:14","slug":"radtour-auf-der-kirchspielroute","status":"publish","type":"page","link":"https:\/\/heimatverein-freckenhorst.de\/1175\/programmpunkte\/radtour-auf-der-kirchspielroute\/","title":{"rendered":"Tag der Radfahrer"},"content":{"rendered":"<div data-colibri-id=\"332-c1\" class=\"style-522 style-local-332-c1 position-relative\">\n  <!---->\n  <div data-colibri-component=\"section\" data-colibri-id=\"332-c2\" id=\"blank\" class=\"h-section h-section-global-spacing d-flex align-items-lg-center align-items-md-center align-items-center style-624 style-local-332-c2 position-relative\">\n    <!---->\n    <!---->\n    <div class=\"h-section-grid-container h-section-boxed-container\">\n      <!---->\n      <div data-colibri-id=\"332-c3\" class=\"h-row-container gutters-row-lg-0 gutters-row-md-0 gutters-row-0 gutters-row-v-lg-0 gutters-row-v-md-0 gutters-row-v-0 style-633 style-local-332-c3 position-relative\">\n        <!---->\n        <div class=\"h-row justify-content-lg-center justify-content-md-center justify-content-center align-items-lg-stretch align-items-md-stretch align-items-stretch gutters-col-lg-0 gutters-col-md-0 gutters-col-0 gutters-col-v-lg-0 gutters-col-v-md-0 gutters-col-v-0\">\n          <!---->\n          <div class=\"h-column h-column-container d-flex h-col-lg-auto h-col-md-auto h-col-auto style-634-outer style-local-332-c4-outer\">\n            <div data-colibri-id=\"332-c4\" class=\"d-flex h-flex-basis h-column__inner h-px-lg-2 h-px-md-2 h-px-2 v-inner-lg-2 v-inner-md-2 v-inner-2 style-634 style-local-332-c4 position-relative\">\n              <!---->\n              <!---->\n              <div class=\"w-100 h-y-container h-column__content h-column__v-align flex-basis-100 align-self-lg-start align-self-md-start align-self-start\">\n                <!---->\n                <div data-colibri-id=\"332-c5\" class=\"h-text h-text-component style-636 style-local-332-c5 position-relative h-element\">\n                  <!---->\n                  <!---->\n                  <div class=\"\">\n                    <p><span style=\"font-weight: 400; font-size: 152%; font-family: &quot;Nunito Sans&quot;; color: rgb(238, 241, 245);\">Radtour auf der<\/span><span style=\"font-size: 152%;\"><br><\/span><span style=\"font-size: 152%; font-weight: 400; font-family: &quot;Nunito Sans&quot;; color: rgb(238, 241, 245);\">&#8222;Kirchspielroute Freckenhorst&#8220;<\/span><\/p>\n                  <\/div>\n                <\/div>\n              <\/div>\n            <\/div>\n          <\/div>\n        <\/div>\n      <\/div>\n      <div data-colibri-id=\"332-c6\" class=\"h-row-container gutters-row-lg-0 gutters-row-md-0 gutters-row-0 gutters-row-v-lg-0 gutters-row-v-md-0 gutters-row-v-0 style-625 style-local-332-c6 position-relative\">\n        <!---->\n        <div class=\"h-row justify-content-lg-center justify-content-md-center justify-content-center align-items-lg-center align-items-md-center align-items-center gutters-col-lg-0 gutters-col-md-0 gutters-col-0 gutters-col-v-lg-0 gutters-col-v-md-0 gutters-col-v-0\">\n          <!---->\n          <div class=\"h-column h-column-container d-flex h-col-lg-auto h-col-md-auto h-col-auto align-self-lg-center align-self-md-center align-self-center style-626-outer style-local-332-c7-outer\">\n            <div data-colibri-id=\"332-c7\" class=\"d-flex h-flex-basis h-column__inner h-px-lg-2 h-px-md-2 h-px-2 v-inner-lg-2 v-inner-md-2 v-inner-2 style-626 style-local-332-c7 position-relative\">\n              <!---->\n              <!---->\n              <div class=\"w-100 h-y-container h-column__content h-column__v-align flex-basis-100 align-self-lg-start align-self-md-start align-self-start\">\n                <!---->\n                <div data-colibri-id=\"332-c8\" class=\"d-block style-632 style-local-332-c8 position-relative h-element\">\n                  <!---->\n                  <div class=\"h-image__frame-container-outer\">\n                    <div class=\"h-image__frame-container\">\n                      <!---->\n                      <!---->\n                      <img loading=\"lazy\" decoding=\"async\" width=\"1158\" height=\"816\" src=\"https:\/\/heimatverein-freckenhorst.de\/1175\/wp-content\/uploads\/2026\/02\/Bild_2026-02-10_195805831.png\" class=\"wp-image-1410 style-632-image style-local-332-c8-image\" alt=\"\" srcset=\"https:\/\/heimatverein-freckenhorst.de\/1175\/wp-content\/uploads\/2026\/02\/Bild_2026-02-10_195805831.png 1158w, https:\/\/heimatverein-freckenhorst.de\/1175\/wp-content\/uploads\/2026\/02\/Bild_2026-02-10_195805831-300x211.png 300w, https:\/\/heimatverein-freckenhorst.de\/1175\/wp-content\/uploads\/2026\/02\/Bild_2026-02-10_195805831-1024x722.png 1024w, https:\/\/heimatverein-freckenhorst.de\/1175\/wp-content\/uploads\/2026\/02\/Bild_2026-02-10_195805831-768x541.png 768w\" sizes=\"auto, (max-width: 1158px) 100vw, 1158px\" \/>\n                      <div class=\"h-image__frame h-hide-lg h-hide-md h-hide-sm style-632-frameImage style-local-332-c8-frameImage\"><\/div>\n                    <\/div>\n                  <\/div>\n                <\/div>\n              <\/div>\n            <\/div>\n          <\/div>\n          <div class=\"h-column h-column-container d-flex h-col-lg-auto h-col-md-auto h-col-auto align-self-lg-center align-self-md-center align-self-center style-627-outer style-local-332-c9-outer\">\n            <div data-colibri-id=\"332-c9\" class=\"d-flex h-flex-basis h-column__inner h-px-lg-2 h-px-md-2 h-px-2 v-inner-lg-2 v-inner-md-2 v-inner-2 style-627 style-local-332-c9 position-relative\">\n              <!---->\n              <!---->\n              <div class=\"w-100 h-y-container h-column__content h-column__v-align flex-basis-100 align-self-lg-start align-self-md-start align-self-start\">\n                <!---->\n                <div data-colibri-id=\"332-c10\" class=\"h-text h-text-component style-637 style-local-332-c10 position-relative h-element\">\n                  <!---->\n                  <!---->\n                  <div class=\"\">\n                    <p>Mit dem Rad geht es rund um Freckenhorst durch das Kirchspiel Freckenhorst. In manchen Regionen, besonders im Norden Deutschlands, war das Kirchspiel auch ein Verwaltungsbezirk, der f\u00fcr verschiedene Aufgaben zust\u00e4ndig war, wie z.B.\n                      die Verwaltung oder das Gerichtswesen. Zusammenfassend l\u00e4sst sich sagen, dass ein Kirchspiel ein Begriff ist, der sowohl die kirchliche als auch die historische, oft verwaltungstechnische Rolle einer Gemeinde beschreibt. Es bezeichnet\n                      den Raum, in dem eine Kirche und ihr Pfarrer zust\u00e4ndig sind, und kann auch eine historische Verwaltungseinheit umfassen.<\/p>\n                    <p>Die Radtour ist ca. 20 km lang. Der Start f\u00fcr alle Altersstufen ist ab 11:30 Uhr nach der Messe auf dem Kirchplatz der Stiftskirche oder an jeder Station individuell m\u00f6glich. Mit einem Stationszettel versehen k\u00f6nnen dann 6 Standorte\n                      angesteuert werden:<\/p>\n                    <ul>\n                      <li>Hof Schoppmann\/Uhk\u00f6tter im H\u00e4gerort \u2013 mit Verpflegung<\/li>\n                      <li>Hof Schulze Niehues in Flintrup\/alte Ziegelei in Hohenhorst<\/li>\n                      <li>Flintruper Kapelle<\/li>\n                      <li>Hof Schulze Schleppinghoff in Gronhorst \u2013 mit Verpflegung<\/li>\n                      <li>Thingst\u00e4tte und alte Ziegelei Schulze Walgern<\/li>\n                      <li>Biker-Park am Feidiek<\/li>\n                    <\/ul>\n                    <p>An jedem Standort werden Erl\u00e4uterungen sowie Geschichtliches zum Ort vorgetragen und die Teilnehmer k\u00f6nnen sich ihre Teilnahme auf dem Stationszettel mit einem Stempel quittieren. Zum Abschluss der &#8222;Kirchspielroute Freckenhorst&#8220; gibt\n                      es f\u00fcr die j\u00fcngeren Teilnehmer auf dem Kirchplatz ein Lebkuchenherz f\u00fcr ihre Teilnahme.<\/p>\n                    <p>Die Veranstaltung endet um 17 Uhr mit vielen neuen Eindr\u00fccken zur Stiftsstadt Freckenhorst.<\/p>\n                  <\/div>\n                <\/div>\n              <\/div>\n            <\/div>\n          <\/div>\n        <\/div>\n      <\/div>\n      <div data-colibri-id=\"332-c11\" class=\"h-row-container gutters-row-lg-2 gutters-row-md-2 gutters-row-0 gutters-row-v-lg-2 gutters-row-v-md-2 gutters-row-v-2 style-641 style-local-332-c11 position-relative\">\n        <!---->\n        <div class=\"h-row justify-content-lg-center justify-content-md-center justify-content-center align-items-lg-stretch align-items-md-stretch align-items-stretch gutters-col-lg-2 gutters-col-md-2 gutters-col-0 gutters-col-v-lg-2 gutters-col-v-md-2 gutters-col-v-2\">\n          <!---->\n          <div class=\"h-column h-column-container d-flex h-col-lg-auto h-col-md-auto h-col-auto style-642-outer style-local-332-c12-outer\">\n            <div data-colibri-id=\"332-c12\" class=\"d-flex h-flex-basis h-column__inner h-px-lg-2 h-px-md-2 h-px-2 v-inner-lg-2 v-inner-md-2 v-inner-2 style-642 style-local-332-c12 position-relative\">\n              <!---->\n              <!---->\n              <div class=\"w-100 h-y-container h-column__content h-column__v-align flex-basis-100 align-self-lg-start align-self-md-start align-self-start\">\n                <!---->\n                <div data-colibri-id=\"332-c35\" class=\"d-block style-821 style-local-332-c35 position-relative h-element\">\n                  <!---->\n                  <div class=\"h-image__frame-container-outer\">\n                    <div class=\"h-image__frame-container\">\n                      <!---->\n                      <!---->\n                      <img loading=\"lazy\" decoding=\"async\" width=\"816\" height=\"1158\" src=\"https:\/\/heimatverein-freckenhorst.de\/1175\/wp-content\/uploads\/2026\/02\/Bild_2026-02-10_195917465-e1770749986587.png\" class=\"wp-image-1419 style-821-image style-local-332-c35-image\" alt=\"\" srcset=\"https:\/\/heimatverein-freckenhorst.de\/1175\/wp-content\/uploads\/2026\/02\/Bild_2026-02-10_195917465-e1770749986587.png 816w, https:\/\/heimatverein-freckenhorst.de\/1175\/wp-content\/uploads\/2026\/02\/Bild_2026-02-10_195917465-e1770749986587-211x300.png 211w, https:\/\/heimatverein-freckenhorst.de\/1175\/wp-content\/uploads\/2026\/02\/Bild_2026-02-10_195917465-e1770749986587-722x1024.png 722w, https:\/\/heimatverein-freckenhorst.de\/1175\/wp-content\/uploads\/2026\/02\/Bild_2026-02-10_195917465-e1770749986587-768x1090.png 768w\" sizes=\"auto, (max-width: 816px) 100vw, 816px\" \/>\n                      <div class=\"h-image__frame h-hide-lg h-hide-md h-hide-sm style-821-frameImage style-local-332-c35-frameImage\"><\/div>\n                    <\/div>\n                  <\/div>\n                <\/div>\n              <\/div>\n            <\/div>\n          <\/div>\n          <div class=\"h-column h-column-container d-flex h-col-lg-auto h-col-md-auto h-col-auto style-643-outer style-local-332-c13-outer\">\n            <div data-colibri-id=\"332-c13\" class=\"d-flex h-flex-basis h-column__inner h-px-lg-2 h-px-md-2 h-px-2 v-inner-lg-2 v-inner-md-2 v-inner-2 style-643 style-local-332-c13 position-relative\">\n              <!---->\n              <!---->\n              <div class=\"w-100 h-y-container h-column__content h-column__v-align flex-basis-100 align-self-lg-start align-self-md-start align-self-start\">\n                <!---->\n                <div data-colibri-id=\"332-c36\" class=\"d-block style-761 style-local-332-c36 position-relative h-element\">\n                  <!---->\n                  <div class=\"h-image__frame-container-outer\">\n                    <div class=\"h-image__frame-container\">\n                      <!---->\n                      <!---->\n                      <img loading=\"lazy\" decoding=\"async\" width=\"993\" height=\"1311\" src=\"https:\/\/heimatverein-freckenhorst.de\/1175\/wp-content\/uploads\/2026\/03\/cropped-20260311_164607-rotated-1.jpg\" class=\"wp-image-2492 style-761-image style-local-332-c36-image\" alt=\"\" srcset=\"https:\/\/heimatverein-freckenhorst.de\/1175\/wp-content\/uploads\/2026\/03\/cropped-20260311_164607-rotated-1.jpg 993w, https:\/\/heimatverein-freckenhorst.de\/1175\/wp-content\/uploads\/2026\/03\/cropped-20260311_164607-rotated-1-227x300.jpg 227w, https:\/\/heimatverein-freckenhorst.de\/1175\/wp-content\/uploads\/2026\/03\/cropped-20260311_164607-rotated-1-776x1024.jpg 776w, https:\/\/heimatverein-freckenhorst.de\/1175\/wp-content\/uploads\/2026\/03\/cropped-20260311_164607-rotated-1-768x1014.jpg 768w\" sizes=\"auto, (max-width: 993px) 100vw, 993px\" \/>\n                      <div class=\"h-image__frame h-hide-lg h-hide-md h-hide-sm style-761-frameImage style-local-332-c36-frameImage\"><\/div>\n                    <\/div>\n                  <\/div>\n                <\/div>\n              <\/div>\n            <\/div>\n          <\/div>\n        <\/div>\n      <\/div>\n    <\/div>\n  <\/div>\n<\/div>","protected":false},"excerpt":{"rendered":"<p>Radtour auf der&#8222;Kirchspielroute Freckenhorst&#8220; Mit dem Rad geht es rund um Freckenhorst durch [&hellip;]<\/p>\n","protected":false},"author":1,"featured_media":0,"parent":239,"menu_order":2,"comment_status":"closed","ping_status":"closed","template":"page-templates\/full-width-page.php","meta":{"footnotes":""},"class_list":["post-332","page","type-page","status-publish","hentry"],"_links":{"self":[{"href":"https:\/\/heimatverein-freckenhorst.de\/1175\/wp-json\/wp\/v2\/pages\/332","targetHints":{"allow":["GET"]}}],"collection":[{"href":"https:\/\/heimatverein-freckenhorst.de\/1175\/wp-json\/wp\/v2\/pages"}],"about":[{"href":"https:\/\/heimatverein-freckenhorst.de\/1175\/wp-json\/wp\/v2\/types\/page"}],"author":[{"embeddable":true,"href":"https:\/\/heimatverein-freckenhorst.de\/1175\/wp-json\/wp\/v2\/users\/1"}],"replies":[{"embeddable":true,"href":"https:\/\/heimatverein-freckenhorst.de\/1175\/wp-json\/wp\/v2\/comments?post=332"}],"version-history":[{"count":15,"href":"https:\/\/heimatverein-freckenhorst.de\/1175\/wp-json\/wp\/v2\/pages\/332\/revisions"}],"predecessor-version":[{"id":2508,"href":"https:\/\/heimatverein-freckenhorst.de\/1175\/wp-json\/wp\/v2\/pages\/332\/revisions\/2508"}],"up":[{"embeddable":true,"href":"https:\/\/heimatverein-freckenhorst.de\/1175\/wp-json\/wp\/v2\/pages\/239"}],"wp:attachment":[{"href":"https:\/\/heimatverein-freckenhorst.de\/1175\/wp-json\/wp\/v2\/media?parent=332"}],"curies":[{"name":"wp","href":"https:\/\/api.w.org\/{rel}","templated":true}]}}