{"id":1875,"date":"2026-03-11T20:57:32","date_gmt":"2026-03-11T19:57:32","guid":{"rendered":"https:\/\/heimatverein-freckenhorst.de\/1175\/?page_id=1875"},"modified":"2026-04-12T12:41:44","modified_gmt":"2026-04-12T10:41:44","slug":"tanz-in-den-mai","status":"publish","type":"page","link":"https:\/\/heimatverein-freckenhorst.de\/1175\/programmpunkte\/tanz-in-den-mai\/","title":{"rendered":"Tanz in den Mai"},"content":{"rendered":"<div data-colibri-id=\"1875-c1\" class=\"style-1019 style-local-1875-c1 position-relative\">\n  <!---->\n  <div data-colibri-component=\"section\" data-colibri-id=\"1875-c2\" id=\"blank\" class=\"h-section h-section-global-spacing d-flex align-items-lg-center align-items-md-center align-items-center style-991 style-local-1875-c2 position-relative\">\n    <!---->\n    <!---->\n    <div class=\"h-section-grid-container h-section-boxed-container\">\n      <!---->\n      <div data-colibri-id=\"1875-c3\" class=\"h-row-container gutters-row-lg-2 gutters-row-md-2 gutters-row-0 gutters-row-v-lg-2 gutters-row-v-md-2 gutters-row-v-2 style-992 style-local-1875-c3 position-relative\">\n        <!---->\n        <div class=\"h-row justify-content-lg-center justify-content-md-center justify-content-center align-items-lg-stretch align-items-md-stretch align-items-stretch gutters-col-lg-2 gutters-col-md-2 gutters-col-0 gutters-col-v-lg-2 gutters-col-v-md-2 gutters-col-v-2\">\n          <!---->\n          <div class=\"h-column h-column-container d-flex h-col-lg-auto h-col-md-auto h-col-auto style-993-outer style-local-1875-c4-outer\">\n            <div data-colibri-id=\"1875-c4\" class=\"d-flex h-flex-basis h-column__inner h-px-lg-2 h-px-md-2 h-px-2 v-inner-lg-2 v-inner-md-2 v-inner-2 style-993 style-local-1875-c4 position-relative\">\n              <!---->\n              <!---->\n              <div class=\"w-100 h-y-container h-column__content h-column__v-align flex-basis-100 align-self-lg-start align-self-md-start align-self-start\">\n                <!---->\n                <div data-colibri-id=\"1875-c5\" class=\"d-block style-1002 style-local-1875-c5 position-relative h-element\">\n                  <!---->\n                  <div class=\"h-image__frame-container-outer\">\n                    <div class=\"h-image__frame-container\">\n                      <!---->\n                      <!---->\n                      <img loading=\"lazy\" decoding=\"async\" width=\"1587\" height=\"2245\" src=\"https:\/\/heimatverein-freckenhorst.de\/1175\/wp-content\/uploads\/2026\/04\/1000061679.png\" class=\"wp-image-2963 style-1002-image style-local-1875-c5-image\" alt=\"\" srcset=\"https:\/\/heimatverein-freckenhorst.de\/1175\/wp-content\/uploads\/2026\/04\/1000061679.png 1587w, https:\/\/heimatverein-freckenhorst.de\/1175\/wp-content\/uploads\/2026\/04\/1000061679-212x300.png 212w, https:\/\/heimatverein-freckenhorst.de\/1175\/wp-content\/uploads\/2026\/04\/1000061679-724x1024.png 724w, https:\/\/heimatverein-freckenhorst.de\/1175\/wp-content\/uploads\/2026\/04\/1000061679-768x1086.png 768w, https:\/\/heimatverein-freckenhorst.de\/1175\/wp-content\/uploads\/2026\/04\/1000061679-1086x1536.png 1086w, https:\/\/heimatverein-freckenhorst.de\/1175\/wp-content\/uploads\/2026\/04\/1000061679-1448x2048.png 1448w\" sizes=\"auto, (max-width: 1587px) 100vw, 1587px\" \/>\n                      <div class=\"h-image__frame h-hide-lg h-hide-md h-hide-sm style-1002-frameImage style-local-1875-c5-frameImage\"><\/div>\n                    <\/div>\n                  <\/div>\n                <\/div>\n              <\/div>\n            <\/div>\n          <\/div>\n          <div class=\"h-column h-column-container d-flex h-col-lg-auto h-col-md-auto h-col-auto style-994-outer style-local-1875-c6-outer\">\n            <div data-colibri-id=\"1875-c6\" class=\"d-flex h-flex-basis h-column__inner h-px-lg-2 h-px-md-2 h-px-2 v-inner-lg-2 v-inner-md-2 v-inner-2 style-994 style-local-1875-c6 position-relative\">\n              <!---->\n              <!---->\n              <div class=\"w-100 h-y-container h-column__content h-column__v-align flex-basis-100 align-self-lg-start align-self-md-start align-self-start\">\n                <!---->\n                <div data-colibri-id=\"1875-c7\" class=\"h-text h-text-component style-999 style-local-1875-c7 position-relative h-element\">\n                  <!---->\n                  <!---->\n                  <div class=\"\">\n                    <p>Am 30. April startet um 19:00 Uhr auf dem Kirchplatz der Tanz in den Mai mit Musik durch &#8222;DorfBrass&#8220; und DJ Marco.<\/p>\n                    <p>Um 19:15 findet die offizielle Begr\u00fc\u00dfung auf der B\u00fchne durch Christian Murrenhoff statt.<\/p>\n                    <p>Im Anschluss werden Impulse zum Jubil\u00e4um \u201e1175 Jahre Freckenhorst: Auftrag und Verpflichtung, Heimat zu gestalten\u201d durch<\/p>\n                  <\/div>\n                <\/div>\n                <div data-colibri-id=\"1875-c8\" class=\"h-text h-text-component style-1000 style-local-1875-c8 position-relative h-element\">\n                  <!---->\n                  <!---->\n                  <div class=\"\">\n                    <ul>\n                      <li class=\"ql-indent-1\">Henning Rehbaum, CDU<\/li>\n                      <li class=\"ql-indent-1\">Olaf Gerike, Landrat<\/li>\n                      <li class=\"ql-indent-1\">Peter Horstmann, B\u00fcrgermeister<\/li>\n                      <li class=\"ql-indent-1\">Hedwig Tarner, Gr\u00fcne<\/li>\n                      <li class=\"ql-indent-1\">Daniel Hagemeier, CDU<\/li>\n                    <\/ul>\n                  <\/div>\n                <\/div>\n                <div data-colibri-id=\"1875-c9\" class=\"h-text h-text-component style-1001 style-local-1875-c9 position-relative h-element\">\n                  <!---->\n                  <!---->\n                  <div class=\"\">\n                    <p>gesetzt. Die Moderation \u00fcbernimmt Hermann Flothk\u00f6tter.<\/p>\n                    <p>Um 20:00 Uhr erfolgt der Fassanstich des 50 Liter Mai-Bock Fasses. Das Mai-Bock ist wie ein gewisses Kontingent an alkoholfreien Getr\u00e4nke zum Start des Festet kostenfrei.<\/p>\n                    <p>Im Anschluss kann bis 1:00 Uhr zu der Musik von &#8222;DorfBrass&#8220; und &#8222;<span style=\"font-weight: 400; font-size: 16px; font-family: &quot;Nunito Sans&quot;; color: rgb(95, 95, 95);\">DJ Marco<\/span>&#8220; in den Mai getanzt werden!<\/p>\n                    <p>Gegen 22 Uhr ist ein weiteres Highlight geplant: der Auftritt der Diskallico Light Riders!<\/p>\n                  <\/div>\n                <\/div>\n              <\/div>\n            <\/div>\n          <\/div>\n        <\/div>\n      <\/div>\n    <\/div>\n  <\/div>\n<\/div>","protected":false},"excerpt":{"rendered":"<p>Am 30. April startet um 19:00 Uhr auf dem Kirchplatz der Tanz in [&hellip;]<\/p>\n","protected":false},"author":1,"featured_media":0,"parent":239,"menu_order":0,"comment_status":"closed","ping_status":"closed","template":"page-templates\/full-width-page.php","meta":{"footnotes":""},"class_list":["post-1875","page","type-page","status-publish","hentry"],"_links":{"self":[{"href":"https:\/\/heimatverein-freckenhorst.de\/1175\/wp-json\/wp\/v2\/pages\/1875","targetHints":{"allow":["GET"]}}],"collection":[{"href":"https:\/\/heimatverein-freckenhorst.de\/1175\/wp-json\/wp\/v2\/pages"}],"about":[{"href":"https:\/\/heimatverein-freckenhorst.de\/1175\/wp-json\/wp\/v2\/types\/page"}],"author":[{"embeddable":true,"href":"https:\/\/heimatverein-freckenhorst.de\/1175\/wp-json\/wp\/v2\/users\/1"}],"replies":[{"embeddable":true,"href":"https:\/\/heimatverein-freckenhorst.de\/1175\/wp-json\/wp\/v2\/comments?post=1875"}],"version-history":[{"count":6,"href":"https:\/\/heimatverein-freckenhorst.de\/1175\/wp-json\/wp\/v2\/pages\/1875\/revisions"}],"predecessor-version":[{"id":2988,"href":"https:\/\/heimatverein-freckenhorst.de\/1175\/wp-json\/wp\/v2\/pages\/1875\/revisions\/2988"}],"up":[{"embeddable":true,"href":"https:\/\/heimatverein-freckenhorst.de\/1175\/wp-json\/wp\/v2\/pages\/239"}],"wp:attachment":[{"href":"https:\/\/heimatverein-freckenhorst.de\/1175\/wp-json\/wp\/v2\/media?parent=1875"}],"curies":[{"name":"wp","href":"https:\/\/api.w.org\/{rel}","templated":true}]}}