{"id":1536,"date":"2026-02-18T20:18:12","date_gmt":"2026-02-18T19:18:12","guid":{"rendered":"https:\/\/heimatverein-freckenhorst.de\/1175\/?page_id=1536"},"modified":"2026-03-11T22:12:02","modified_gmt":"2026-03-11T21:12:02","slug":"zur-zukunft-der-laendlichen-raeume-und-doerfer","status":"publish","type":"page","link":"https:\/\/heimatverein-freckenhorst.de\/1175\/programmpunkte\/zur-zukunft-der-laendlichen-raeume-und-doerfer\/","title":{"rendered":"\u201eZur Zukunft der l\u00e4ndlichen R\u00e4ume und D\u00f6rfer\u201c"},"content":{"rendered":"<div data-colibri-id=\"1536-c1\" class=\"style-849 style-local-1536-c1 position-relative\">\n  <!---->\n  <div data-colibri-component=\"section\" data-colibri-id=\"1536-c2\" id=\"initial-content\" class=\"h-section h-section-global-spacing d-flex align-items-lg-center align-items-md-center align-items-center style-850 style-local-1536-c2 position-relative\">\n    <!---->\n    <!---->\n    <div class=\"h-section-grid-container h-section-boxed-container\">\n      <!---->\n      <div data-colibri-id=\"1536-c3\" class=\"h-row-container gutters-row-lg-2 gutters-row-md-2 gutters-row-0 gutters-row-v-lg-2 gutters-row-v-md-2 gutters-row-v-2 style-858 style-local-1536-c3 position-relative\">\n        <!---->\n        <div class=\"h-row justify-content-lg-center justify-content-md-center justify-content-center align-items-lg-stretch align-items-md-stretch align-items-stretch gutters-col-lg-2 gutters-col-md-2 gutters-col-0 gutters-col-v-lg-2 gutters-col-v-md-2 gutters-col-v-2\">\n          <!---->\n          <div class=\"h-column h-column-container d-flex h-col-lg-6 h-col-md-6 h-col-12 style-859-outer style-local-1536-c4-outer\">\n            <div data-colibri-id=\"1536-c4\" class=\"d-flex h-flex-basis h-column__inner h-px-lg-2 h-px-md-2 h-px-2 v-inner-lg-2 v-inner-md-2 v-inner-2 style-859 style-local-1536-c4 position-relative\">\n              <!---->\n              <!---->\n              <div class=\"w-100 h-y-container h-column__content h-column__v-align flex-basis-100 align-self-lg-start align-self-md-start align-self-start\">\n                <!---->\n                <div data-colibri-id=\"1536-c5\" class=\"d-block style-857 style-local-1536-c5 position-relative h-element\">\n                  <!---->\n                  <div class=\"h-image__frame-container-outer\">\n                    <div class=\"h-image__frame-container\">\n                      <!---->\n                      <!---->\n                      <img loading=\"lazy\" decoding=\"async\" width=\"370\" height=\"603\" src=\"https:\/\/heimatverein-freckenhorst.de\/1175\/wp-content\/uploads\/2026\/02\/Bild_2026-02-18_195805855.png\" class=\"wp-image-1537 style-857-image style-local-1536-c5-image\" alt=\"\" srcset=\"https:\/\/heimatverein-freckenhorst.de\/1175\/wp-content\/uploads\/2026\/02\/Bild_2026-02-18_195805855.png 370w, https:\/\/heimatverein-freckenhorst.de\/1175\/wp-content\/uploads\/2026\/02\/Bild_2026-02-18_195805855-184x300.png 184w\" sizes=\"auto, (max-width: 370px) 100vw, 370px\" \/>\n                      <div class=\"h-image__frame h-hide-lg h-hide-md h-hide-sm style-857-frameImage style-local-1536-c5-frameImage\"><\/div>\n                    <\/div>\n                  <\/div>\n                <\/div>\n              <\/div>\n            <\/div>\n          <\/div>\n          <div class=\"h-column h-column-container d-flex h-col-lg-6 h-col-md-6 h-col-12 style-860-outer style-local-1536-c6-outer\">\n            <div data-colibri-id=\"1536-c6\" class=\"d-flex h-flex-basis h-column__inner h-px-lg-2 h-px-md-2 h-px-2 v-inner-lg-2 v-inner-md-2 v-inner-2 style-860 style-local-1536-c6 position-relative\">\n              <!---->\n              <!---->\n              <div class=\"w-100 h-y-container h-column__content h-column__v-align flex-basis-100 align-self-lg-start align-self-md-start align-self-start\">\n                <!---->\n                <div data-colibri-id=\"1536-c7\" class=\"d-block style-861 style-local-1536-c7 position-relative h-element\">\n                  <!---->\n                  <div class=\"h-image__frame-container-outer\">\n                    <div class=\"h-image__frame-container\">\n                      <!---->\n                      <!---->\n                      <img loading=\"lazy\" decoding=\"async\" width=\"645\" height=\"508\" src=\"https:\/\/heimatverein-freckenhorst.de\/1175\/wp-content\/uploads\/2026\/02\/image.png\" class=\"wp-image-1539 style-861-image style-local-1536-c7-image\" alt=\"\" srcset=\"https:\/\/heimatverein-freckenhorst.de\/1175\/wp-content\/uploads\/2026\/02\/image.png 645w, https:\/\/heimatverein-freckenhorst.de\/1175\/wp-content\/uploads\/2026\/02\/image-300x236.png 300w\" sizes=\"auto, (max-width: 645px) 100vw, 645px\" \/>\n                      <div class=\"h-image__frame h-hide-lg h-hide-md h-hide-sm style-861-frameImage style-local-1536-c7-frameImage\"><\/div>\n                    <\/div>\n                  <\/div>\n                <\/div>\n              <\/div>\n            <\/div>\n          <\/div>\n        <\/div>\n      <\/div>\n      <div data-colibri-id=\"1536-c8\" class=\"h-row-container gutters-row-lg-2 gutters-row-md-2 gutters-row-0 gutters-row-v-lg-2 gutters-row-v-md-2 gutters-row-v-2 style-867 style-local-1536-c8 position-relative\">\n        <!---->\n        <div class=\"h-row justify-content-lg-center justify-content-md-center justify-content-center align-items-lg-stretch align-items-md-stretch align-items-stretch gutters-col-lg-2 gutters-col-md-2 gutters-col-0 gutters-col-v-lg-2 gutters-col-v-md-2 gutters-col-v-2\">\n          <!---->\n          <div class=\"h-column h-column-container d-flex h-col-lg-6 h-col-md-6 h-col-12 style-868-outer style-local-1536-c9-outer\">\n            <div data-colibri-id=\"1536-c9\" class=\"d-flex h-flex-basis h-column__inner h-px-lg-2 h-px-md-2 h-px-2 v-inner-lg-2 v-inner-md-2 v-inner-2 style-868 style-local-1536-c9 position-relative\">\n              <!---->\n              <!---->\n              <div class=\"w-100 h-y-container h-column__content h-column__v-align flex-basis-100 align-self-lg-start align-self-md-start align-self-start\">\n                <!---->\n                <div data-colibri-id=\"1536-c10\" class=\"d-block style-862 style-local-1536-c10 position-relative h-element\">\n                  <!---->\n                  <div class=\"h-image__frame-container-outer\">\n                    <div class=\"h-image__frame-container\">\n                      <!---->\n                      <!---->\n                      <img loading=\"lazy\" decoding=\"async\" width=\"694\" height=\"77\" src=\"https:\/\/heimatverein-freckenhorst.de\/1175\/wp-content\/uploads\/2026\/02\/Bild_2026-02-18_200239060.png\" class=\"wp-image-1540 style-862-image style-local-1536-c10-image\" alt=\"\" srcset=\"https:\/\/heimatverein-freckenhorst.de\/1175\/wp-content\/uploads\/2026\/02\/Bild_2026-02-18_200239060.png 694w, https:\/\/heimatverein-freckenhorst.de\/1175\/wp-content\/uploads\/2026\/02\/Bild_2026-02-18_200239060-300x33.png 300w\" sizes=\"auto, (max-width: 694px) 100vw, 694px\" \/>\n                      <div class=\"h-image__frame h-hide-lg h-hide-md h-hide-sm style-862-frameImage style-local-1536-c10-frameImage\"><\/div>\n                    <\/div>\n                  <\/div>\n                <\/div>\n              <\/div>\n            <\/div>\n          <\/div>\n        <\/div>\n      <\/div>\n      <div data-colibri-id=\"1536-c11\" class=\"h-row-container gutters-row-lg-2 gutters-row-md-2 gutters-row-0 gutters-row-v-lg-2 gutters-row-v-md-2 gutters-row-v-2 style-854 style-local-1536-c11 position-relative\">\n        <!---->\n        <div class=\"h-row justify-content-lg-center justify-content-md-center justify-content-center align-items-lg-stretch align-items-md-stretch align-items-stretch gutters-col-lg-2 gutters-col-md-2 gutters-col-0 gutters-col-v-lg-2 gutters-col-v-md-2 gutters-col-v-2\">\n          <!---->\n          <div class=\"h-column h-column-container d-flex h-col-lg-6 h-col-md-6 h-col-12 style-855-outer style-local-1536-c12-outer\">\n            <div data-colibri-id=\"1536-c12\" class=\"d-flex h-flex-basis h-column__inner h-px-lg-2 h-px-md-2 h-px-2 v-inner-lg-2 v-inner-md-2 v-inner-2 style-855 style-local-1536-c12 position-relative\">\n              <!---->\n              <!---->\n              <div class=\"w-100 h-y-container h-column__content h-column__v-align flex-basis-100 align-self-lg-start align-self-md-start align-self-start\">\n                <!---->\n                <div data-colibri-id=\"1536-c13\" class=\"h-text h-text-component style-869 style-local-1536-c13 position-relative h-element\">\n                  <!---->\n                  <!---->\n                  <div class=\"\">\n                    <p>Sehr geehrte Damen und Herren,<\/p>\n                    <p>im Rahmen der Kr\u00fc\u00dfing-Festwoche \u201e1175 Jahre Freckenhorst\u201c richtet sich unser Blick auf die Zukunft der l\u00e4ndlichen R\u00e4ume und D\u00f6rfer. Wie kann die Entwicklung der D\u00f6rfer in NRW und im M\u00fcnsterland in den kommenden Jahrzehnten gestaltet\n                      werden? So ist die Sicherung der Daseinsvorsorge mit Kitas, Schulen,<\/p>\n                    <p>\u00e4rztlicher Versorgung, Arbeitspl\u00e4tzen, Mobilit\u00e4t, digitaler Infrastruktur, Notfallvorsorge und Freizeitangeboten eine gro\u00dfe Herausforderung.<\/p>\n                    <p>Vor allem im l\u00e4ndlichen Raum werden Lebensqualit\u00e4t und Zusammenhalt durch ehrenamtliches Engagement getragen. Welche St\u00e4rkung ist hier im Sinne der Subsidiarit\u00e4t n\u00f6tig?<\/p>\n                    <p>Wie werden Synergiekr\u00e4fte zwischen kleinen Ortschaften unterst\u00fctzt und Konkurrenzk\u00e4mpfe um Ressourcen vermieden?<\/p>\n                    <p>Wurde der l\u00e4ndliche Raum lange Zeit unter einem defizit\u00e4ren Blick wahrgenommen, so werden mittlerweile seine Vorz\u00fcge und Potentiale wieder st\u00e4rker entdeckt. Diese ver\u00e4nderte Wahrnehmung ermutigt, eine zukunftsf\u00e4hige Dorfentwicklung\n                      zu gestalten.<\/p>\n                    <p>Wir freuen uns auf die Einsch\u00e4tzungen von<\/p>\n                  <\/div>\n                <\/div>\n                <div data-colibri-id=\"1536-c14\" class=\"h-text h-text-component style-870 style-local-1536-c14 position-relative h-element\">\n                  <!---->\n                  <!---->\n                  <div class=\"\">\n                    <p><strong style=\"font-weight: 700;\">Silke Gori\u00dfen<\/strong>\n                      <br>Ministerin f\u00fcr Landwirtschaft und Verbraucher-schutz des Landes Nordrhein-Westfalen.<\/p>\n                  <\/div>\n                <\/div>\n                <div data-colibri-id=\"1536-c15\" class=\"h-text h-text-component style-871 style-local-1536-c15 position-relative h-element\">\n                  <!---->\n                  <!---->\n                  <div class=\"\">\n                    <p>Im Anschluss ist eine Podiumsdiskussion mit ihr,<\/p>\n                    <ul>\n                      <li><strong style=\"font-weight: 700;\">Landrat Dr. Olaf Gericke<\/strong> sowie den B\u00fcrgermeistern<\/li>\n                      <li><strong style=\"font-weight: 700;\">Peter Horstmann <\/strong>(Warendorf),<\/li>\n                      <li><strong style=\"font-weight: 700;\">Sebastian Seidel<\/strong> (Everswinkel),<\/li>\n                      <li><span style=\"font-weight: 700;\">Josef Uphoff <\/span>(Sassenberg),<\/li>\n                      <li><span style=\"font-weight: 700;\">Karl Piochowiak<\/span><span style=\"font-weight: 400;\"> (<\/span>Ostbevern) sowie<\/li>\n                      <li><span style=\"font-weight: 700;\">Rolf Mestekemper<\/span> (Beelen) vorgesehen.<\/li>\n                    <\/ul>\n                    <p>Die Moderation \u00fcbernehmen <span style=\"font-weight: 600;\">Christoph Ackfeld<\/span> und <span style=\"font-weight: 600;\">Anja Tenbrock <\/span>(\u201eDie Glocke\u201c).<\/p>\n                    <p>Der Abend findet in Zusammenarbeit mit der Pfarrei St. Bonifatius und St. Lambertus statt.<\/p>\n                  <\/div>\n                <\/div>\n              <\/div>\n            <\/div>\n          <\/div>\n        <\/div>\n      <\/div>\n      <div data-colibri-id=\"1536-c16\" class=\"h-row-container gutters-row-lg-2 gutters-row-md-2 gutters-row-0 gutters-row-v-lg-2 gutters-row-v-md-2 gutters-row-v-2 style-882 style-local-1536-c16 position-relative\">\n        <!---->\n        <div class=\"h-row justify-content-lg-center justify-content-md-center justify-content-center align-items-lg-stretch align-items-md-stretch align-items-stretch gutters-col-lg-2 gutters-col-md-2 gutters-col-0 gutters-col-v-lg-2 gutters-col-v-md-2 gutters-col-v-2\">\n          <!---->\n          <div class=\"h-column h-column-container d-flex h-col-lg-6 h-col-md-6 h-col-12 style-883-outer style-local-1536-c17-outer\">\n            <div data-colibri-id=\"1536-c17\" class=\"d-flex h-flex-basis h-column__inner h-px-lg-2 h-px-md-2 h-px-2 v-inner-lg-2 v-inner-md-2 v-inner-2 style-883 style-local-1536-c17 position-relative\">\n              <!---->\n              <!---->\n              <div class=\"w-100 h-y-container h-column__content h-column__v-align flex-basis-100 align-self-lg-start align-self-md-start align-self-start\">\n                <!---->\n                <div data-colibri-id=\"1536-c18\" class=\"h-text h-text-component style-881 style-local-1536-c18 position-relative h-element\">\n                  <!---->\n                  <!---->\n                  <div class=\"\">\n                    <p>Michael Gennert&nbsp;\n                      <br>&#8211; Direktor &#8211;&nbsp;<\/p>\n                  <\/div>\n                <\/div>\n              <\/div>\n            <\/div>\n          <\/div>\n          <div class=\"h-column h-column-container d-flex h-col-lg-6 h-col-md-6 h-col-12 style-884-outer style-local-1536-c19-outer\">\n            <div data-colibri-id=\"1536-c19\" class=\"d-flex h-flex-basis h-column__inner h-px-lg-2 h-px-md-2 h-px-2 v-inner-lg-2 v-inner-md-2 v-inner-2 style-884 style-local-1536-c19 position-relative\">\n              <!---->\n              <!---->\n              <div class=\"w-100 h-y-container h-column__content h-column__v-align flex-basis-100 align-self-lg-start align-self-md-start align-self-start\">\n                <!---->\n                <div data-colibri-id=\"1536-c20\" class=\"h-text h-text-component style-878 style-local-1536-c20 position-relative h-element\">\n                  <!---->\n                  <!---->\n                  <div class=\"\">\n                    <p><span style=\"font-weight: 400; font-size: 16px; font-family: &quot;Open Sans&quot;; color: rgb(102, 102, 102);\">Manfred Krampe<\/span>\n                      <br><span style=\"font-weight: 400; font-size: 16px; font-family: &quot;Open Sans&quot;; color: rgb(102, 102, 102);\">&#8211; Rektor der Hauskapelle &#8211;<\/span>\n                      <br>\n                    <\/p>\n                  <\/div>\n                <\/div>\n              <\/div>\n            <\/div>\n          <\/div>\n        <\/div>\n      <\/div>\n      <div data-colibri-id=\"1536-c21\" class=\"h-row-container gutters-row-lg-2 gutters-row-md-2 gutters-row-0 gutters-row-v-lg-2 gutters-row-v-md-2 gutters-row-v-2 style-885 style-local-1536-c21 position-relative\">\n        <!---->\n        <div class=\"h-row justify-content-lg-center justify-content-md-center justify-content-center align-items-lg-stretch align-items-md-stretch align-items-stretch gutters-col-lg-2 gutters-col-md-2 gutters-col-0 gutters-col-v-lg-2 gutters-col-v-md-2 gutters-col-v-2\">\n          <!---->\n          <div class=\"h-column h-column-container d-flex h-col-lg-6 h-col-md-6 h-col-12 style-886-outer style-local-1536-c22-outer\">\n            <div data-colibri-id=\"1536-c22\" class=\"d-flex h-flex-basis h-column__inner h-px-lg-2 h-px-md-2 h-px-2 v-inner-lg-2 v-inner-md-2 v-inner-2 style-886 style-local-1536-c22 position-relative\">\n              <!---->\n              <!---->\n              <div class=\"w-100 h-y-container h-column__content h-column__v-align flex-basis-100 align-self-lg-start align-self-md-start align-self-start\">\n                <!---->\n              <\/div>\n            <\/div>\n          <\/div>\n          <div class=\"h-column h-column-container d-flex h-col-lg-6 h-col-md-6 h-col-12 style-889-outer style-local-1536-c24-outer\">\n            <div data-colibri-id=\"1536-c24\" class=\"d-flex h-flex-basis h-column__inner h-px-lg-2 h-px-md-2 h-px-2 v-inner-lg-2 v-inner-md-2 v-inner-2 style-889 style-local-1536-c24 position-relative\">\n              <!---->\n              <!---->\n              <div class=\"w-100 h-y-container h-column__content h-column__v-align flex-basis-100 align-self-lg-start align-self-md-start align-self-start\">\n                <!---->\n                <div data-colibri-id=\"1536-c25\" class=\"d-block style-890 style-local-1536-c25 position-relative h-element\">\n                  <!---->\n                  <div class=\"h-image__frame-container-outer\">\n                    <a href=\"http:\/\/www.lvhs-freckenhorst.de\" h-use-smooth-scroll=\"true\" class=\"image-link\">\n                      <div class=\"h-image__frame-container\">\n                        <!---->\n                        <!---->\n                        <img loading=\"lazy\" decoding=\"async\" width=\"493\" height=\"245\" src=\"https:\/\/heimatverein-freckenhorst.de\/1175\/wp-content\/uploads\/2026\/02\/Bild_2026-02-18_205507929.png\" class=\"wp-image-1568 style-890-image style-local-1536-c25-image\" alt=\"\" srcset=\"https:\/\/heimatverein-freckenhorst.de\/1175\/wp-content\/uploads\/2026\/02\/Bild_2026-02-18_205507929.png 493w, https:\/\/heimatverein-freckenhorst.de\/1175\/wp-content\/uploads\/2026\/02\/Bild_2026-02-18_205507929-300x149.png 300w\" sizes=\"auto, (max-width: 493px) 100vw, 493px\" \/>\n                        <div class=\"h-image__frame h-hide-lg h-hide-md h-hide-sm style-890-frameImage style-local-1536-c25-frameImage\"><\/div>\n                      <\/div>\n                    <\/a>\n                  <\/div>\n                <\/div>\n              <\/div>\n            <\/div>\n          <\/div>\n        <\/div>\n      <\/div>\n    <\/div>\n  <\/div>\n<\/div>","protected":false},"excerpt":{"rendered":"<p>Sehr geehrte Damen und Herren, im Rahmen der Kr\u00fc\u00dfing-Festwoche \u201e1175 Jahre Freckenhorst\u201c richtet [&hellip;]<\/p>\n","protected":false},"author":1,"featured_media":1537,"parent":239,"menu_order":10,"comment_status":"closed","ping_status":"closed","template":"page-templates\/full-width-page.php","meta":{"footnotes":""},"class_list":["post-1536","page","type-page","status-publish","has-post-thumbnail","hentry"],"_links":{"self":[{"href":"https:\/\/heimatverein-freckenhorst.de\/1175\/wp-json\/wp\/v2\/pages\/1536","targetHints":{"allow":["GET"]}}],"collection":[{"href":"https:\/\/heimatverein-freckenhorst.de\/1175\/wp-json\/wp\/v2\/pages"}],"about":[{"href":"https:\/\/heimatverein-freckenhorst.de\/1175\/wp-json\/wp\/v2\/types\/page"}],"author":[{"embeddable":true,"href":"https:\/\/heimatverein-freckenhorst.de\/1175\/wp-json\/wp\/v2\/users\/1"}],"replies":[{"embeddable":true,"href":"https:\/\/heimatverein-freckenhorst.de\/1175\/wp-json\/wp\/v2\/comments?post=1536"}],"version-history":[{"count":15,"href":"https:\/\/heimatverein-freckenhorst.de\/1175\/wp-json\/wp\/v2\/pages\/1536\/revisions"}],"predecessor-version":[{"id":1998,"href":"https:\/\/heimatverein-freckenhorst.de\/1175\/wp-json\/wp\/v2\/pages\/1536\/revisions\/1998"}],"up":[{"embeddable":true,"href":"https:\/\/heimatverein-freckenhorst.de\/1175\/wp-json\/wp\/v2\/pages\/239"}],"wp:featuredmedia":[{"embeddable":true,"href":"https:\/\/heimatverein-freckenhorst.de\/1175\/wp-json\/wp\/v2\/media\/1537"}],"wp:attachment":[{"href":"https:\/\/heimatverein-freckenhorst.de\/1175\/wp-json\/wp\/v2\/media?parent=1536"}],"curies":[{"name":"wp","href":"https:\/\/api.w.org\/{rel}","templated":true}]}}