{"id":1312,"date":"2026-01-25T15:55:54","date_gmt":"2026-01-25T14:55:54","guid":{"rendered":"https:\/\/heimatverein-freckenhorst.de\/1175\/?page_id=1312"},"modified":"2026-03-11T22:12:02","modified_gmt":"2026-03-11T21:12:02","slug":"chorgesang-beim-kruessingfest","status":"publish","type":"page","link":"https:\/\/heimatverein-freckenhorst.de\/1175\/programmpunkte\/chorgesang-beim-kruessingfest\/","title":{"rendered":"Chorgesang beim Kr\u00fc\u00dfingfest"},"content":{"rendered":"<div data-colibri-id=\"1312-c1\" class=\"style-808 style-local-1312-c1 position-relative\">\n  <!---->\n  <div data-colibri-component=\"section\" data-colibri-id=\"1312-c2\" id=\"initial-content\" class=\"h-section h-section-global-spacing d-flex align-items-lg-center align-items-md-center align-items-center style-809 style-local-1312-c2 position-relative\">\n    <!---->\n    <!---->\n    <div class=\"h-section-grid-container h-section-boxed-container\">\n      <!---->\n      <div data-colibri-id=\"1312-c3\" class=\"h-row-container gutters-row-lg-2 gutters-row-md-2 gutters-row-0 gutters-row-v-lg-2 gutters-row-v-md-2 gutters-row-v-2 style-810 style-local-1312-c3 position-relative\">\n        <!---->\n        <div class=\"h-row justify-content-lg-center justify-content-md-center justify-content-center align-items-lg-stretch align-items-md-stretch align-items-stretch gutters-col-lg-2 gutters-col-md-2 gutters-col-0 gutters-col-v-lg-2 gutters-col-v-md-2 gutters-col-v-2\">\n          <!---->\n          <div class=\"h-column h-column-container d-flex h-col-lg-6 h-col-md-6 h-col-12 style-811-outer style-local-1312-c4-outer\">\n            <div data-colibri-id=\"1312-c4\" class=\"d-flex h-flex-basis h-column__inner h-px-lg-2 h-px-md-2 h-px-2 v-inner-lg-2 v-inner-md-2 v-inner-2 style-811 style-local-1312-c4 position-relative\">\n              <!---->\n              <!---->\n              <div class=\"w-100 h-y-container h-column__content h-column__v-align flex-basis-100 align-self-lg-start align-self-md-start align-self-start\">\n                <!---->\n                <div data-colibri-id=\"1312-c5\" class=\"d-block style-815 style-local-1312-c5 position-relative h-element\">\n                  <!---->\n                  <div class=\"h-image__frame-container-outer\">\n                    <div class=\"h-image__frame-container\">\n                      <!---->\n                      <!---->\n                      <img loading=\"lazy\" decoding=\"async\" width=\"529\" height=\"164\" src=\"https:\/\/heimatverein-freckenhorst.de\/1175\/wp-content\/uploads\/2026\/01\/Bild_2026-01-25_155814003.png\" class=\"wp-image-1315 style-815-image style-local-1312-c5-image\" alt=\"\" srcset=\"https:\/\/heimatverein-freckenhorst.de\/1175\/wp-content\/uploads\/2026\/01\/Bild_2026-01-25_155814003.png 529w, https:\/\/heimatverein-freckenhorst.de\/1175\/wp-content\/uploads\/2026\/01\/Bild_2026-01-25_155814003-300x93.png 300w\" sizes=\"auto, (max-width: 529px) 100vw, 529px\" \/>\n                      <div class=\"h-image__frame h-hide-lg h-hide-md h-hide-sm style-815-frameImage style-local-1312-c5-frameImage\"><\/div>\n                    <\/div>\n                  <\/div>\n                <\/div>\n              <\/div>\n            <\/div>\n          <\/div>\n          <div class=\"h-column h-column-container d-flex h-col-lg-6 h-col-md-6 h-col-12 style-813-outer style-local-1312-c6-outer\">\n            <div data-colibri-id=\"1312-c6\" class=\"d-flex h-flex-basis h-column__inner h-px-lg-2 h-px-md-2 h-px-2 v-inner-lg-2 v-inner-md-2 v-inner-2 style-813 style-local-1312-c6 position-relative\">\n              <!---->\n              <!---->\n              <div class=\"w-100 h-y-container h-column__content h-column__v-align flex-basis-100 align-self-lg-start align-self-md-start align-self-start\">\n                <!---->\n                <div data-colibri-id=\"1312-c7\" class=\"h-text h-text-component style-818 style-local-1312-c7 position-relative h-element\">\n                  <!---->\n                  <!---->\n                  <div class=\"\">\n                    <p>Zum \u00f6kumenischen Festgottesdienst beim Kr\u00fc\u00dfingfest tragen der Chor der Evangelischen Kirchengemeinde Everswinkel\/Freckenhorst unter der Leitung von Uta-Maria Gennert-St\u00f6cker und die Ch\u00f6re der Katholischen Kirchengemeinde St. Bonifatius\n                      und St. Lambertus unter der Leitung unseres Kirchenmusikers Alexander Rohm gemeinsam zur musikalischen Gestaltung des Gottesdienstes bei. Er wird durch Werke wie H\u00e4ndels \u201eHalleluja\u201c und Klaus Heizmanns \u201cDas Lob soll laut erschallen\u201c\n                      eindrucksvoll untermalt; die ber\u00fchrenden Kl\u00e4nge machen den Gottesdienst zu einem besonderen Ereignis. Ein Blechbl\u00e4ser-Quintett unter der Leitung von Georg Potthoff begleitet den Chor und den Gesang der Gemeindelieder. Im Zusammenspiel\n                      von Bl\u00e4sern und Orgel h\u00f6ren wir zus\u00e4tzlich das Werk \u201eGrand ch\u0153ur dialogu\u00e9\u201c von Eug\u00e8ne Gigout, dessen majest\u00e4tisches Klangbild das Fest zus\u00e4tzlich erstrahlen l\u00e4sst.<\/p>\n                    <p>Bei einem Konzert am Kr\u00fc\u00dfing-Nachmittag um 15 Uhr werden neben den drei Ch\u00f6ren, die den Festgottesdienst gestalten, zus\u00e4tzlich die Chorgemeinschaft Freckenhorst, der Kinder- und Jugendchor sowie der Frauenchor Schwarz-Dur eigene Liedbeitr\u00e4ge\n                      vortragen. Zum Abschluss singen alle Ch\u00f6re gemeinsam.<\/p>\n                    <p>\n                      <br>\n                    <\/p>\n                  <\/div>\n                <\/div>\n              <\/div>\n            <\/div>\n          <\/div>\n          <div class=\"h-column h-column-container d-flex h-col-lg-6 h-col-md-6 h-col-12 style-814-outer style-local-1312-c8-outer\">\n            <div data-colibri-id=\"1312-c8\" class=\"d-flex h-flex-basis h-column__inner h-ui-empty-state-container h-px-lg-2 h-px-md-2 h-px-2 v-inner-lg-2 v-inner-md-2 v-inner-2 style-814 style-local-1312-c8 position-relative\">\n              <!---->\n              <!---->\n              <div class=\"w-100 h-y-container h-column__content h-column__v-align flex-basis-100\">\n                <!---->\n              <\/div>\n            <\/div>\n          <\/div>\n        <\/div>\n      <\/div>\n    <\/div>\n  <\/div>\n<\/div>","protected":false},"excerpt":{"rendered":"<p>Zum \u00f6kumenischen Festgottesdienst beim Kr\u00fc\u00dfingfest tragen der Chor der Evangelischen Kirchengemeinde Everswinkel\/Freckenhorst unter [&hellip;]<\/p>\n","protected":false},"author":1,"featured_media":0,"parent":239,"menu_order":6,"comment_status":"closed","ping_status":"closed","template":"page-templates\/full-width-page.php","meta":{"footnotes":""},"class_list":["post-1312","page","type-page","status-publish","hentry"],"_links":{"self":[{"href":"https:\/\/heimatverein-freckenhorst.de\/1175\/wp-json\/wp\/v2\/pages\/1312","targetHints":{"allow":["GET"]}}],"collection":[{"href":"https:\/\/heimatverein-freckenhorst.de\/1175\/wp-json\/wp\/v2\/pages"}],"about":[{"href":"https:\/\/heimatverein-freckenhorst.de\/1175\/wp-json\/wp\/v2\/types\/page"}],"author":[{"embeddable":true,"href":"https:\/\/heimatverein-freckenhorst.de\/1175\/wp-json\/wp\/v2\/users\/1"}],"replies":[{"embeddable":true,"href":"https:\/\/heimatverein-freckenhorst.de\/1175\/wp-json\/wp\/v2\/comments?post=1312"}],"version-history":[{"count":6,"href":"https:\/\/heimatverein-freckenhorst.de\/1175\/wp-json\/wp\/v2\/pages\/1312\/revisions"}],"predecessor-version":[{"id":1997,"href":"https:\/\/heimatverein-freckenhorst.de\/1175\/wp-json\/wp\/v2\/pages\/1312\/revisions\/1997"}],"up":[{"embeddable":true,"href":"https:\/\/heimatverein-freckenhorst.de\/1175\/wp-json\/wp\/v2\/pages\/239"}],"wp:attachment":[{"href":"https:\/\/heimatverein-freckenhorst.de\/1175\/wp-json\/wp\/v2\/media?parent=1312"}],"curies":[{"name":"wp","href":"https:\/\/api.w.org\/{rel}","templated":true}]}}