{"id":1117,"date":"2025-12-16T14:26:31","date_gmt":"2025-12-16T13:26:31","guid":{"rendered":"https:\/\/heimatverein-freckenhorst.de\/1175\/?page_id=1117"},"modified":"2026-03-25T22:49:52","modified_gmt":"2026-03-25T21:49:52","slug":"die-stiftsdamen-in-freckenhorst-eine-spurensuche","status":"publish","type":"page","link":"https:\/\/heimatverein-freckenhorst.de\/1175\/programmpunkte\/die-stiftsdamen-in-freckenhorst-eine-spurensuche\/","title":{"rendered":"Vortrag: Die Stiftsdamen in Freckenhorst &#8211; eine Spurensuche"},"content":{"rendered":"<div data-colibri-id=\"1117-c1\" class=\"style-778 style-local-1117-c1 position-relative\">\n  <!---->\n  <div data-colibri-component=\"section\" data-colibri-id=\"1117-c23\" id=\"blank\" class=\"h-section h-section-global-spacing d-flex align-items-lg-center align-items-md-center align-items-center style-903 style-local-1117-c23 position-relative\">\n    <!---->\n    <!---->\n    <div class=\"h-section-grid-container h-section-boxed-container\">\n      <!---->\n      <div data-colibri-id=\"1117-c24\" class=\"h-row-container gutters-row-lg-2 gutters-row-md-2 gutters-row-0 gutters-row-v-lg-2 gutters-row-v-md-2 gutters-row-v-2 style-904 style-local-1117-c24 position-relative\">\n        <!---->\n        <div class=\"h-row justify-content-lg-center justify-content-md-center justify-content-center align-items-lg-stretch align-items-md-stretch align-items-stretch gutters-col-lg-2 gutters-col-md-2 gutters-col-0 gutters-col-v-lg-2 gutters-col-v-md-2 gutters-col-v-2\">\n          <!---->\n          <div class=\"h-column h-column-container d-flex h-col-lg-auto h-col-md-auto h-col-auto style-905-outer style-local-1117-c25-outer\">\n            <div data-colibri-id=\"1117-c25\" class=\"d-flex h-flex-basis h-column__inner h-px-lg-2 h-px-md-2 h-px-2 v-inner-lg-2 v-inner-md-2 v-inner-2 style-905 style-local-1117-c25 position-relative\">\n              <!---->\n              <!---->\n              <div class=\"w-100 h-y-container h-column__content h-column__v-align flex-basis-100 align-self-lg-start align-self-md-start align-self-start\">\n                <!---->\n                <div data-colibri-id=\"1117-c11\" class=\"h-global-transition-all h-heading style-892 style-local-1117-c11 position-relative h-element\">\n                  <!---->\n                  <div class=\"h-heading__outer style-892 style-local-1117-c11\">\n                    <!---->\n                    <!---->\n                    <h3 class=\"\">Die Stiftsdamen in Freckenhorst\u2013 eine Spurensuche<\/h3>\n                  <\/div>\n                <\/div>\n                <div data-colibri-id=\"1117-c12\" class=\"d-block style-893 style-local-1117-c12 position-relative h-element\">\n                  <!---->\n                  <div class=\"h-image__frame-container-outer\">\n                    <div class=\"h-image__frame-container\">\n                      <!---->\n                      <!---->\n                      <img loading=\"lazy\" decoding=\"async\" width=\"799\" height=\"382\" src=\"https:\/\/heimatverein-freckenhorst.de\/1175\/wp-content\/uploads\/2025\/09\/cropped-KircheSchloss.jpg\" class=\"wp-image-1044 style-893-image style-local-1117-c12-image\" alt=\"\" srcset=\"https:\/\/heimatverein-freckenhorst.de\/1175\/wp-content\/uploads\/2025\/09\/cropped-KircheSchloss.jpg 799w, https:\/\/heimatverein-freckenhorst.de\/1175\/wp-content\/uploads\/2025\/09\/cropped-KircheSchloss-300x143.jpg 300w, https:\/\/heimatverein-freckenhorst.de\/1175\/wp-content\/uploads\/2025\/09\/cropped-KircheSchloss-768x367.jpg 768w\" sizes=\"auto, (max-width: 799px) 100vw, 799px\" \/>\n                      <div class=\"h-image__frame h-hide-lg h-hide-md h-hide-sm style-893-frameImage style-local-1117-c12-frameImage\"><\/div>\n                    <\/div>\n                  <\/div>\n                <\/div>\n              <\/div>\n            <\/div>\n          <\/div>\n          <div class=\"h-column h-column-container d-flex h-col-lg-auto h-col-md-auto h-col-auto style-906-outer style-local-1117-c26-outer\">\n            <div data-colibri-id=\"1117-c26\" class=\"d-flex h-flex-basis h-column__inner h-px-lg-2 h-px-md-2 h-px-2 v-inner-lg-2 v-inner-md-2 v-inner-2 style-906 style-local-1117-c26 position-relative\">\n              <!---->\n              <!---->\n              <div class=\"w-100 h-y-container h-column__content h-column__v-align flex-basis-100 align-self-lg-center align-self-md-center align-self-center\">\n                <!---->\n                <div data-colibri-id=\"1117-c16\" class=\"h-text h-text-component style-897 style-local-1117-c16 position-relative h-element\">\n                  <!---->\n                  <!---->\n                  <div class=\"\">\n                    <p>Unter diesem Titel wird in einem Vortrag am <\/p>\n                    <p>Mittwoch, 6. Mai 2026 um 19 Uhr im Schloss Freckenhorst <\/p>\n                    <p>das Leben und Wirken einiger ausgew\u00e4hlter Stiftsdamen vorgestellt. Annemarie Enninghorst und Gunter T\u00f6nne vom F\u00f6rderkreis Stiftskammer zeigen in Wort und Bild, was uns \u00fcberliefert und bis auf den heutigen Tag erhalten geblieben ist\n                      \u2013 oftmals auch im Verborgenen. <\/p>\n                    <p>Um Anmeldung wird gebeten.<\/p>\n                    <p>Der Kostenbeitrag betr\u00e4gt 15,- \u20ac (ein Glas Jubil\u00e4umswein zur Begr\u00fc\u00dfung inklusive).<\/p>\n                  <\/div>\n                <\/div>\n              <\/div>\n            <\/div>\n          <\/div>\n        <\/div>\n      <\/div>\n      <div data-colibri-id=\"1117-c31\" class=\"h-row-container gutters-row-lg-1 gutters-row-md-1 gutters-row-0 gutters-row-v-lg-1 gutters-row-v-md-1 gutters-row-v-1 style-911 style-local-1117-c31 position-relative\">\n        <!---->\n        <div class=\"h-row justify-content-lg-center justify-content-md-center justify-content-center align-items-lg-stretch align-items-md-stretch align-items-stretch gutters-col-lg-1 gutters-col-md-1 gutters-col-0 gutters-col-v-lg-1 gutters-col-v-md-1 gutters-col-v-1\">\n          <!---->\n          <div class=\"h-column h-column-container d-flex h-col-lg-auto h-col-md-auto h-col-auto style-912-outer style-local-1117-c32-outer\">\n            <div data-colibri-id=\"1117-c32\" class=\"d-flex h-flex-basis h-column__inner h-px-lg-1 h-px-md-1 h-px-1 v-inner-lg-1 v-inner-md-1 v-inner-1 style-912 style-local-1117-c32 position-relative\">\n              <!---->\n              <!---->\n              <div class=\"w-100 h-y-container h-column__content h-column__v-align flex-basis-100 align-self-lg-center align-self-md-center align-self-center\">\n                <!---->\n                <div data-colibri-id=\"1117-c19\" class=\"h-text h-text-component style-789 style-local-1117-c19 position-relative h-element\">\n                  <!---->\n                  <!---->\n                  <div class=\"\">\n                    <p>\n                      <a href=\"https:\/\/heimatverein-freckenhorst.de\/1175\/events\/die-stiftsdamen-in-freckenhorst-eine-spurensuche\">Anmeldung hier<\/a>:<\/p>\n                  <\/div>\n                <\/div>\n              <\/div>\n            <\/div>\n          <\/div>\n          <div class=\"h-column h-column-container d-flex h-col-lg-auto h-col-md-auto h-col-auto style-913-outer style-local-1117-c33-outer\">\n            <div data-colibri-id=\"1117-c33\" class=\"d-flex h-flex-basis h-column__inner h-px-lg-1 h-px-md-1 h-px-1 v-inner-lg-1 v-inner-md-1 v-inner-1 style-913 style-local-1117-c33 position-relative\">\n              <!---->\n              <!---->\n              <div class=\"w-100 h-y-container h-column__content h-column__v-align flex-basis-100 align-self-lg-start align-self-md-start align-self-start\">\n                <!---->\n                <div data-colibri-id=\"1117-c9\" class=\"h-icon style-788 style-local-1117-c9 position-relative h-element\">\n                  <!---->\n                  <a href=\"https:\/\/heimatverein-freckenhorst.de\/1175\/events\/die-stiftsdamen-in-freckenhorst-eine-spurensuche\/\" h-use-smooth-scroll=\"true\"><span class=\"h-svg-icon h-icon__icon style-788-icon style-local-1117-c9-icon\"><!--Icon by Font Awesome (https:\/\/fontawesome.com)-->\n    <svg version=\"1.1\" xmlns=\"http:\/\/www.w3.org\/2000\/svg\" xmlns:xlink=\"http:\/\/www.w3.org\/1999\/xlink\" id=\"calendar\" viewBox=\"0 0 1672.2646 1896.0833\">\n      <path d=\"M128 1664h288v-288H128v288zm352 0h320v-288H480v288zm-352-352h288V992H128v320zm352 0h320V992H480v320zM128 928h288V640H128v288zm736 736h320v-288H864v288zM480 928h320V640H480v288zm768 736h288v-288h-288v288zm-384-352h320V992H864v320zM512 448V160q0-13-9.5-22.5T480 128h-64q-13 0-22.5 9.5T384 160v288q0 13 9.5 22.5T416 480h64q13 0 22.5-9.5T512 448zm736 864h288V992h-288v320zM864 928h320V640H864v288zm384 0h288V640h-288v288zm32-480V160q0-13-9.5-22.5T1248 128h-64q-13 0-22.5 9.5T1152 160v288q0 13 9.5 22.5t22.5 9.5h64q13 0 22.5-9.5t9.5-22.5zm384-64v1280q0 52-38 90t-90 38H128q-52 0-90-38t-38-90V384q0-52 38-90t90-38h128v-96q0-66 47-113T416 0h64q66 0 113 47t47 113v96h384v-96q0-66 47-113t113-47h64q66 0 113 47t47 113v96h128q52 0 90 38t38 90z\"><\/path>\n    <\/svg><\/span><\/a>\n                <\/div>\n              <\/div>\n            <\/div>\n          <\/div>\n        <\/div>\n      <\/div>\n    <\/div>\n  <\/div>\n<\/div>","protected":false},"excerpt":{"rendered":"<p>Die Stiftsdamen in Freckenhorst\u2013 eine Spurensuche Unter diesem Titel wird in einem Vortrag [&hellip;]<\/p>\n","protected":false},"author":1,"featured_media":0,"parent":239,"menu_order":9,"comment_status":"closed","ping_status":"closed","template":"page-templates\/full-width-page.php","meta":{"footnotes":""},"class_list":["post-1117","page","type-page","status-publish","hentry"],"_links":{"self":[{"href":"https:\/\/heimatverein-freckenhorst.de\/1175\/wp-json\/wp\/v2\/pages\/1117","targetHints":{"allow":["GET"]}}],"collection":[{"href":"https:\/\/heimatverein-freckenhorst.de\/1175\/wp-json\/wp\/v2\/pages"}],"about":[{"href":"https:\/\/heimatverein-freckenhorst.de\/1175\/wp-json\/wp\/v2\/types\/page"}],"author":[{"embeddable":true,"href":"https:\/\/heimatverein-freckenhorst.de\/1175\/wp-json\/wp\/v2\/users\/1"}],"replies":[{"embeddable":true,"href":"https:\/\/heimatverein-freckenhorst.de\/1175\/wp-json\/wp\/v2\/comments?post=1117"}],"version-history":[{"count":16,"href":"https:\/\/heimatverein-freckenhorst.de\/1175\/wp-json\/wp\/v2\/pages\/1117\/revisions"}],"predecessor-version":[{"id":2613,"href":"https:\/\/heimatverein-freckenhorst.de\/1175\/wp-json\/wp\/v2\/pages\/1117\/revisions\/2613"}],"up":[{"embeddable":true,"href":"https:\/\/heimatverein-freckenhorst.de\/1175\/wp-json\/wp\/v2\/pages\/239"}],"wp:attachment":[{"href":"https:\/\/heimatverein-freckenhorst.de\/1175\/wp-json\/wp\/v2\/media?parent=1117"}],"curies":[{"name":"wp","href":"https:\/\/api.w.org\/{rel}","templated":true}]}}